{"id":2180,"date":"2019-02-25T11:22:58","date_gmt":"2019-02-25T10:22:58","guid":{"rendered":"http:\/\/palmappartclubmarrakech.com\/site\/index.php\/appartements\/"},"modified":"2019-02-25T11:22:58","modified_gmt":"2019-02-25T10:22:58","slug":"appartements","status":"publish","type":"page","link":"https:\/\/palmapparthotel.com\/index.php\/appartements\/?lang=es","title":{"rendered":"Appartements"},"content":{"rendered":"<p>[vc_row][vc_column][vc_column_text]Les appartements b\u00e9n\u00e9ficient de la climatisation, du Wifi gratuit et sont tous \u00e9quip\u00e9s de t\u00e9l\u00e9vision \u00e9cran plat avec acc\u00e9s \u00e0 Canal Satellite.<\/p>\n<p>108 Appartements<\/p>\n<p>&nbsp;<\/p>\n<p>&#8211; 6 Appartements Standard<\/p>\n<p>1 Grand Salon<\/p>\n<p>1 Chambres<\/p>\n<p>1 Toilette<\/p>\n<p>1 Salle de bain avec baignoire<\/p>\n<p>&nbsp;<\/p>\n<p>&#8211; 58 Appartements Junior<\/p>\n<p>1 Grand Salon<\/p>\n<p>1 Chambre<\/p>\n<p>1 Cuisine \u00e9quip\u00e9e<\/p>\n<p>1 Toilette<\/p>\n<p>1 Salle de bain avec baignoire<\/p>\n<p>&nbsp;<\/p>\n<p>&#8211; 44 Appartements Senior<\/p>\n<p>1 Grand Salon<\/p>\n<p>2 Chambres<\/p>\n<p>1 Cuisine \u00e9quip\u00e9e<\/p>\n<p>1 Toilette<\/p>\n<p>1 Salle de bain avec baignoire[\/vc_column_text]\t\t\n\t\t<!-- BEGIN .accommodation-carousel -->\n\t\t<div class=\"accommodation-carousel sohohotel-owl-carousel-3\">\n\t\t\n\t\t\t\t\t\t\t\t\t\n\t\t\t\t\t\t<!-- BEGIN .accommodation-block -->\n\t\t\t\t\t\t<div class=\"accommodation-block\">\n\n\t\t\t\t\t\t\t<div class=\"accommodation-block-image\">\n\t\t\t\t\t\t\t\t\t\t\t\t\t\t\t\t\t<a href=\"https:\/\/palmapparthotel.com\/index.php\/accommodation\/apartamentos-senior\/?lang=es\" rel=\"bookmark\" title=\"Apartamentos Senior\">\n\t\t\t\t\t\t\t\t\t\t\t\t\t\t\t\t\t\t\t\t<img decoding=\"async\" src=\"https:\/\/palmapparthotel.com\/wp-content\/uploads\/2018\/09\/SENIOR-CHAMBRE-1-600x380.jpg\" alt=\"Apartamentos Senior\" \/>\t\t\t\t\t\t\t\t\t<\/a>\n\t\t\t\t\t\t\t\t\t\t\t\t\t\t\t<\/div>\n\n\t\t\t\t\t\t\t<div class=\"accommodation-block-content\">\n\t\t\t\t\t\t\t\t<h4><a href=\"https:\/\/palmapparthotel.com\/index.php\/accommodation\/apartamentos-senior\/?lang=es\" rel=\"bookmark\" title=\"Apartamentos Senior\">Apartamentos Senior<\/a><\/h4>\n\n\t\t\t\t\t\t\t\t\t\t\t\n\t\t\t\t\t\t\t\t\t\n\t\t\t\t\t\t\t\t<div class=\"clearfix\">\n\t\t\t\t\t\t\t\t\t\n\t\t\t\t\t\t\t\t\t<a href=\"https:\/\/palmapparthotel.com\/index.php\/accommodation\/apartamentos-senior\/?lang=es\" class=\"view-details-button\">View Details <i class=\"fa fa-angle-right\"><\/i><\/a>\n\t\t\t\t\t\t\t\t<\/div>\n\t\n\t\t\t\t\t\t\t<\/div>\n\n\t\t\t\t\t\t<!-- END .accommodation-block -->\n\t\t\t\t\t\t<\/div>\n\t\t\t\t\t\n\t\t\t\t\t\t\t\t\t\n\t\t\t\t\t\t<!-- BEGIN .accommodation-block -->\n\t\t\t\t\t\t<div class=\"accommodation-block\">\n\n\t\t\t\t\t\t\t<div class=\"accommodation-block-image\">\n\t\t\t\t\t\t\t\t\t\t\t\t\t\t\t\t\t<a href=\"https:\/\/palmapparthotel.com\/index.php\/accommodation\/apartamentos-junior\/?lang=es\" rel=\"bookmark\" title=\"Apartamentos Junior\">\n\t\t\t\t\t\t\t\t\t\t\t\t\t\t\t\t\t\t\t\t<img decoding=\"async\" src=\"https:\/\/palmapparthotel.com\/wp-content\/uploads\/2018\/09\/JUNIOR-CHAMBRE-600x380.jpg\" alt=\"Apartamentos Junior\" \/>\t\t\t\t\t\t\t\t\t<\/a>\n\t\t\t\t\t\t\t\t\t\t\t\t\t\t\t<\/div>\n\n\t\t\t\t\t\t\t<div class=\"accommodation-block-content\">\n\t\t\t\t\t\t\t\t<h4><a href=\"https:\/\/palmapparthotel.com\/index.php\/accommodation\/apartamentos-junior\/?lang=es\" rel=\"bookmark\" title=\"Apartamentos Junior\">Apartamentos Junior<\/a><\/h4>\n\n\t\t\t\t\t\t\t\t\t\t\t\n\t\t\t\t\t\t\t\t\t\n\t\t\t\t\t\t\t\t<div class=\"clearfix\">\n\t\t\t\t\t\t\t\t\t\n\t\t\t\t\t\t\t\t\t<a href=\"https:\/\/palmapparthotel.com\/index.php\/accommodation\/apartamentos-junior\/?lang=es\" class=\"view-details-button\">View Details <i class=\"fa fa-angle-right\"><\/i><\/a>\n\t\t\t\t\t\t\t\t<\/div>\n\t\n\t\t\t\t\t\t\t<\/div>\n\n\t\t\t\t\t\t<!-- END .accommodation-block -->\n\t\t\t\t\t\t<\/div>\n\t\t\t\t\t\n\t\t\t\t\t\t\t\t\t\n\t\t\t\t\t\t<!-- BEGIN .accommodation-block -->\n\t\t\t\t\t\t<div class=\"accommodation-block\">\n\n\t\t\t\t\t\t\t<div class=\"accommodation-block-image\">\n\t\t\t\t\t\t\t\t\t\t\t\t\t\t\t\t\t<a href=\"https:\/\/palmapparthotel.com\/index.php\/accommodation\/standard-ensuite-room\/?lang=es\" rel=\"bookmark\" title=\"Apartamentos Est\u00e1ndares\">\n\t\t\t\t\t\t\t\t\t\t\t\t\t\t\t\t\t\t\t\t<img decoding=\"async\" src=\"https:\/\/palmapparthotel.com\/wp-content\/uploads\/2018\/09\/IMG_7882-1-600x380.jpg\" alt=\"Apartamentos Est\u00e1ndares\" \/>\t\t\t\t\t\t\t\t\t<\/a>\n\t\t\t\t\t\t\t\t\t\t\t\t\t\t\t<\/div>\n\n\t\t\t\t\t\t\t<div class=\"accommodation-block-content\">\n\t\t\t\t\t\t\t\t<h4><a href=\"https:\/\/palmapparthotel.com\/index.php\/accommodation\/standard-ensuite-room\/?lang=es\" rel=\"bookmark\" title=\"Apartamentos Est\u00e1ndares\">Apartamentos Est\u00e1ndares<\/a><\/h4>\n\n\t\t\t\t\t\t\t\t\t\t\t\n\t\t\t\t\t\t\t\t<ul>\r\n<li><span>Occupancy:<\/span> 2 Person(s)<\/li>\r\n<li><span>Size:<\/span> 100-140sqm<\/li>\r\n<li><span>View:<\/span> City<\/li>\r\n<\/ul>\t\n\t\t\t\t\t\t\t\t<div class=\"clearfix\">\n\t\t\t\t\t\t\t\t\t\n\t\t\t\t\t\t\t\t\t<a href=\"https:\/\/palmapparthotel.com\/index.php\/accommodation\/standard-ensuite-room\/?lang=es\" class=\"view-details-button\">View Details <i class=\"fa fa-angle-right\"><\/i><\/a>\n\t\t\t\t\t\t\t\t<\/div>\n\t\n\t\t\t\t\t\t\t<\/div>\n\n\t\t\t\t\t\t<!-- END .accommodation-block -->\n\t\t\t\t\t\t<\/div>\n\t\t\t\t\t\n\t\t\t\t\t\t\n\t\t\t<!-- END .accommodation-carousel -->\n\t\t\t<\/div>\n\t\t\n\t[\/vc_column][\/vc_row]<\/p>\n","protected":false},"excerpt":{"rendered":"<p>[vc_row][vc_column][vc_column_text]Les appartements b\u00e9n\u00e9ficient de la climatisation, du Wifi gratuit et sont tous \u00e9quip\u00e9s de t\u00e9l\u00e9vision \u00e9cran plat avec acc\u00e9s \u00e0 Canal Satellite. 108 Appartements &nbsp; &#8211; 6 Appartements Standard 1 Grand Salon 1 Chambres 1 Toilette 1 Salle de bain avec baignoire &nbsp; &#8211; 58 Appartements Junior 1 Grand Salon 1 Chambre 1 Cuisine \u00e9quip\u00e9e<\/p>\n<a href=\"https:\/\/palmapparthotel.com\/index.php\/accommodation\/standard-ensuite-room\/?lang=es\" class=\"sohohotel-more-link\">Read More<i class=\"fa fa-angle-right\"><\/i><\/a>","protected":false},"author":1,"featured_media":0,"parent":0,"menu_order":0,"comment_status":"closed","ping_status":"closed","template":"","meta":{"footnotes":""},"class_list":["post-2180","page","type-page","status-publish","hentry"],"yoast_head":"<!-- This site is optimized with the Yoast SEO plugin v23.8 - https:\/\/yoast.com\/wordpress\/plugins\/seo\/ -->\n<title>Appartements - Palm Appart Club<\/title>\n<meta name=\"robots\" content=\"index, follow, max-snippet:-1, max-image-preview:large, max-video-preview:-1\" \/>\n<link rel=\"canonical\" href=\"https:\/\/palmapparthotel.com\/index.php\/appartements\/?lang=es\" \/>\n<meta property=\"og:locale\" content=\"es_ES\" \/>\n<meta property=\"og:type\" content=\"article\" \/>\n<meta property=\"og:title\" content=\"Appartements - Palm Appart Club\" \/>\n<meta property=\"og:description\" content=\"[vc_row][vc_column][vc_column_text]Les appartements b\u00e9n\u00e9ficient de la climatisation, du Wifi gratuit et sont tous \u00e9quip\u00e9s de t\u00e9l\u00e9vision \u00e9cran plat avec acc\u00e9s \u00e0 Canal Satellite. 108 Appartements &nbsp; &#8211; 6 Appartements Standard 1 Grand Salon 1 Chambres 1 Toilette 1 Salle de bain avec baignoire &nbsp; &#8211; 58 Appartements Junior 1 Grand Salon 1 Chambre 1 Cuisine \u00e9quip\u00e9e\" \/>\n<meta property=\"og:url\" content=\"https:\/\/palmapparthotel.com\/index.php\/appartements\/\" \/>\n<meta property=\"og:site_name\" content=\"Palm Appart Club\" \/>\n<meta property=\"article:publisher\" content=\"https:\/\/www.facebook.com\/PalmAppartClubMarrakech\/\" \/>\n<meta name=\"twitter:card\" content=\"summary_large_image\" \/>\n<script type=\"application\/ld+json\" class=\"yoast-schema-graph\">{\"@context\":\"https:\/\/schema.org\",\"@graph\":[{\"@type\":\"WebPage\",\"@id\":\"https:\/\/palmapparthotel.com\/index.php\/appartements\/\",\"url\":\"https:\/\/palmapparthotel.com\/index.php\/appartements\/\",\"name\":\"Appartements - Palm Appart Club\",\"isPartOf\":{\"@id\":\"https:\/\/palmapparthotel.com\/#website\"},\"datePublished\":\"2019-02-25T10:22:58+00:00\",\"dateModified\":\"2019-02-25T10:22:58+00:00\",\"breadcrumb\":{\"@id\":\"https:\/\/palmapparthotel.com\/index.php\/appartements\/#breadcrumb\"},\"inLanguage\":\"es\",\"potentialAction\":[{\"@type\":\"ReadAction\",\"target\":[\"https:\/\/palmapparthotel.com\/index.php\/appartements\/\"]}]},{\"@type\":\"BreadcrumbList\",\"@id\":\"https:\/\/palmapparthotel.com\/index.php\/appartements\/#breadcrumb\",\"itemListElement\":[{\"@type\":\"ListItem\",\"position\":1,\"name\":\"Accueil\",\"item\":\"https:\/\/palmapparthotel.com\/\"},{\"@type\":\"ListItem\",\"position\":2,\"name\":\"Appartements\"}]},{\"@type\":\"WebSite\",\"@id\":\"https:\/\/palmapparthotel.com\/#website\",\"url\":\"https:\/\/palmapparthotel.com\/\",\"name\":\"Palm Appart Club Marrakech\",\"description\":\"Un site utilisant WordPress\",\"publisher\":{\"@id\":\"https:\/\/palmapparthotel.com\/#organization\"},\"potentialAction\":[{\"@type\":\"SearchAction\",\"target\":{\"@type\":\"EntryPoint\",\"urlTemplate\":\"https:\/\/palmapparthotel.com\/?s={search_term_string}\"},\"query-input\":{\"@type\":\"PropertyValueSpecification\",\"valueRequired\":true,\"valueName\":\"search_term_string\"}}],\"inLanguage\":\"es\"},{\"@type\":\"Organization\",\"@id\":\"https:\/\/palmapparthotel.com\/#organization\",\"name\":\"Palm Appart club Marrakech\",\"url\":\"https:\/\/palmapparthotel.com\/\",\"logo\":{\"@type\":\"ImageObject\",\"inLanguage\":\"es\",\"@id\":\"https:\/\/palmapparthotel.com\/#\/schema\/logo\/image\/\",\"url\":\"https:\/\/palmapparthotel.com\/wp-content\/uploads\/2019\/06\/Palm-Appart-logo-rouge2.png\",\"contentUrl\":\"https:\/\/palmapparthotel.com\/wp-content\/uploads\/2019\/06\/Palm-Appart-logo-rouge2.png\",\"width\":280,\"height\":99,\"caption\":\"Palm Appart club Marrakech\"},\"image\":{\"@id\":\"https:\/\/palmapparthotel.com\/#\/schema\/logo\/image\/\"},\"sameAs\":[\"https:\/\/www.facebook.com\/PalmAppartClubMarrakech\/\",\"https:\/\/www.instagram.com\/palmappart\/\"]}]}<\/script>\n<!-- \/ Yoast SEO plugin. -->","yoast_head_json":{"title":"Appartements - Palm Appart Club","robots":{"index":"index","follow":"follow","max-snippet":"max-snippet:-1","max-image-preview":"max-image-preview:large","max-video-preview":"max-video-preview:-1"},"canonical":"https:\/\/palmapparthotel.com\/index.php\/appartements\/?lang=es","og_locale":"es_ES","og_type":"article","og_title":"Appartements - Palm Appart Club","og_description":"[vc_row][vc_column][vc_column_text]Les appartements b\u00e9n\u00e9ficient de la climatisation, du Wifi gratuit et sont tous \u00e9quip\u00e9s de t\u00e9l\u00e9vision \u00e9cran plat avec acc\u00e9s \u00e0 Canal Satellite. 108 Appartements &nbsp; &#8211; 6 Appartements Standard 1 Grand Salon 1 Chambres 1 Toilette 1 Salle de bain avec baignoire &nbsp; &#8211; 58 Appartements Junior 1 Grand Salon 1 Chambre 1 Cuisine \u00e9quip\u00e9e","og_url":"https:\/\/palmapparthotel.com\/index.php\/appartements\/","og_site_name":"Palm Appart Club","article_publisher":"https:\/\/www.facebook.com\/PalmAppartClubMarrakech\/","twitter_card":"summary_large_image","schema":{"@context":"https:\/\/schema.org","@graph":[{"@type":"WebPage","@id":"https:\/\/palmapparthotel.com\/index.php\/appartements\/","url":"https:\/\/palmapparthotel.com\/index.php\/appartements\/","name":"Appartements - Palm Appart Club","isPartOf":{"@id":"https:\/\/palmapparthotel.com\/#website"},"datePublished":"2019-02-25T10:22:58+00:00","dateModified":"2019-02-25T10:22:58+00:00","breadcrumb":{"@id":"https:\/\/palmapparthotel.com\/index.php\/appartements\/#breadcrumb"},"inLanguage":"es","potentialAction":[{"@type":"ReadAction","target":["https:\/\/palmapparthotel.com\/index.php\/appartements\/"]}]},{"@type":"BreadcrumbList","@id":"https:\/\/palmapparthotel.com\/index.php\/appartements\/#breadcrumb","itemListElement":[{"@type":"ListItem","position":1,"name":"Accueil","item":"https:\/\/palmapparthotel.com\/"},{"@type":"ListItem","position":2,"name":"Appartements"}]},{"@type":"WebSite","@id":"https:\/\/palmapparthotel.com\/#website","url":"https:\/\/palmapparthotel.com\/","name":"Palm Appart Club Marrakech","description":"Un site utilisant WordPress","publisher":{"@id":"https:\/\/palmapparthotel.com\/#organization"},"potentialAction":[{"@type":"SearchAction","target":{"@type":"EntryPoint","urlTemplate":"https:\/\/palmapparthotel.com\/?s={search_term_string}"},"query-input":{"@type":"PropertyValueSpecification","valueRequired":true,"valueName":"search_term_string"}}],"inLanguage":"es"},{"@type":"Organization","@id":"https:\/\/palmapparthotel.com\/#organization","name":"Palm Appart club Marrakech","url":"https:\/\/palmapparthotel.com\/","logo":{"@type":"ImageObject","inLanguage":"es","@id":"https:\/\/palmapparthotel.com\/#\/schema\/logo\/image\/","url":"https:\/\/palmapparthotel.com\/wp-content\/uploads\/2019\/06\/Palm-Appart-logo-rouge2.png","contentUrl":"https:\/\/palmapparthotel.com\/wp-content\/uploads\/2019\/06\/Palm-Appart-logo-rouge2.png","width":280,"height":99,"caption":"Palm Appart club Marrakech"},"image":{"@id":"https:\/\/palmapparthotel.com\/#\/schema\/logo\/image\/"},"sameAs":["https:\/\/www.facebook.com\/PalmAppartClubMarrakech\/","https:\/\/www.instagram.com\/palmappart\/"]}]}},"_links":{"self":[{"href":"https:\/\/palmapparthotel.com\/index.php\/wp-json\/wp\/v2\/pages\/2180\/?lang=es"}],"collection":[{"href":"https:\/\/palmapparthotel.com\/index.php\/wp-json\/wp\/v2\/pages\/?lang=es"}],"about":[{"href":"https:\/\/palmapparthotel.com\/index.php\/wp-json\/wp\/v2\/types\/page\/?lang=es"}],"author":[{"embeddable":true,"href":"https:\/\/palmapparthotel.com\/index.php\/wp-json\/wp\/v2\/users\/1\/?lang=es"}],"replies":[{"embeddable":true,"href":"https:\/\/palmapparthotel.com\/index.php\/wp-json\/wp\/v2\/comments\/?lang=es&post=2180"}],"version-history":[{"count":0,"href":"https:\/\/palmapparthotel.com\/index.php\/wp-json\/wp\/v2\/pages\/2180\/revisions\/?lang=es"}],"wp:attachment":[{"href":"https:\/\/palmapparthotel.com\/index.php\/wp-json\/wp\/v2\/media\/?lang=es&parent=2180"}],"curies":[{"name":"wp","href":"https:\/\/api.w.org\/{rel}","templated":true}]}}