{"id":2119,"date":"2019-03-11T11:53:03","date_gmt":"2019-03-11T10:53:03","guid":{"rendered":"http:\/\/palmappartclubmarrakech.com\/site\/?page_id=2119"},"modified":"2019-03-14T10:39:01","modified_gmt":"2019-03-14T09:39:01","slug":"activites","status":"publish","type":"page","link":"https:\/\/palmapparthotel.com\/index.php\/activites\/","title":{"rendered":"Activit\u00e9s"},"content":{"rendered":"<p>[vc_row][vc_column][vc_column_text]<\/p>\n<h3 style=\"text-align: center;\">Le Palm Appart Club propose des activit\u00e9s en toutes saisons pour les plus petits comme les plus grands.<\/h3>\n<p>[\/vc_column_text][\/vc_column][\/vc_row][vc_row][vc_column width=\u00a0\u00bb1\/2&Prime;][vc_single_image image=\u00a0\u00bb2120&Prime; img_size=\u00a0\u00bblarge\u00a0\u00bb][\/vc_column][vc_column width=\u00a0\u00bb1\/2&Prime;]<div class=\"sohohotel-title1 sohohotel-title-color\"><h1>Pour Les Plus Petits<\/h1><h3><\/h3><\/div>[vc_column_text]<\/p>\n<p style=\"text-align: center;\">Notre \u00e9tablissement est une terre d\u2019aventure et de d\u00e9couverte, \u00e0 disposition de tous les enfants de 4 \u00e0 12 ans gr\u00e2ce \u00e0 notre Kids Club ainsi que notre aire de jeux color\u00e9es, en effet plusieurs espaces leurs sont d\u00e9di\u00e9s en int\u00e9rieur et en ext\u00e9rieur. Tout ceci sous la supervision d\u2019\u00e9ducatrices qualifi\u00e9es. Un fabuleux programme attend vos petits pour \u00e9veiller leurs sens et leur faire d\u00e9couvrir de nouveaux univers tout en s\u2019amusant.<\/p>\n<p>[\/vc_column_text][\/vc_column][\/vc_row][vc_row][vc_column width=\u00a0\u00bb1\/2&Prime;]<div class=\"sohohotel-title1 sohohotel-title-color\"><h1>Pour Les Adultes<\/h1><h3><\/h3><\/div>[vc_column_text]<\/p>\n<p style=\"text-align: center;\">Afin de profiter au maximum de votre s\u00e9jour de d\u00e9tente, vous pourrez vous adonner \u00e0 une multitude d\u2019activit\u00e9s sportives au sein du Palm Appart Club :<\/p>\n<p style=\"text-align: center;\">-Terrain de tennis<\/p>\n<p style=\"text-align: center;\">-Terrain de Volley Ball<\/p>\n<p style=\"text-align: center;\">-Terrain de basket Ball<\/p>\n<p style=\"text-align: center;\">Ou profitez encore de la superbe piscine de notre \u00e9tablissement pour faire quelques longueurs paisibles.<\/p>\n<p>[\/vc_column_text][\/vc_column][vc_column width=\u00a0\u00bb1\/2&Prime;][vc_single_image image=\u00a0\u00bb2124&Prime; img_size=\u00a0\u00bblarge\u00a0\u00bb][\/vc_column][\/vc_row]<\/p>\n","protected":false},"excerpt":{"rendered":"<p>[vc_row][vc_column][vc_column_text] Le Palm Appart Club propose des activit\u00e9s en toutes saisons pour les plus petits comme les plus grands. [\/vc_column_text][\/vc_column][\/vc_row][vc_row][vc_column width=\u00a0\u00bb1\/2&Prime;][vc_single_image image=\u00a0\u00bb2120&Prime; img_size=\u00a0\u00bblarge\u00a0\u00bb][\/vc_column][vc_column width=\u00a0\u00bb1\/2&Prime;][vc_column_text] Notre \u00e9tablissement est une terre d\u2019aventure et de d\u00e9couverte, \u00e0 disposition de tous les enfants de 4 \u00e0 12 ans gr\u00e2ce \u00e0 notre Kids Club ainsi que notre aire de jeux<\/p>\n<a href=\"https:\/\/palmapparthotel.com\/index.php\/activites\/\" class=\"sohohotel-more-link\">Read More<i class=\"fa fa-angle-right\"><\/i><\/a>","protected":false},"author":1,"featured_media":0,"parent":0,"menu_order":0,"comment_status":"closed","ping_status":"closed","template":"","meta":{"footnotes":""},"class_list":["post-2119","page","type-page","status-publish","hentry"],"yoast_head":"<!-- This site is optimized with the Yoast SEO plugin v23.8 - https:\/\/yoast.com\/wordpress\/plugins\/seo\/ -->\n<title>Activit\u00e9s - Palm Appart Club<\/title>\n<meta name=\"robots\" content=\"index, follow, max-snippet:-1, max-image-preview:large, max-video-preview:-1\" \/>\n<link rel=\"canonical\" href=\"https:\/\/palmapparthotel.com\/index.php\/activites\/\" \/>\n<meta property=\"og:locale\" content=\"fr_FR\" \/>\n<meta property=\"og:type\" content=\"article\" \/>\n<meta property=\"og:title\" content=\"Activit\u00e9s - Palm Appart Club\" \/>\n<meta property=\"og:description\" content=\"[vc_row][vc_column][vc_column_text] Le Palm Appart Club propose des activit\u00e9s en toutes saisons pour les plus petits comme les plus grands. [\/vc_column_text][\/vc_column][\/vc_row][vc_row][vc_column width=\u00a0\u00bb1\/2&Prime;][vc_single_image image=\u00a0\u00bb2120&Prime; img_size=\u00a0\u00bblarge\u00a0\u00bb][\/vc_column][vc_column width=\u00a0\u00bb1\/2&Prime;][vc_column_text] Notre \u00e9tablissement est une terre d\u2019aventure et de d\u00e9couverte, \u00e0 disposition de tous les enfants de 4 \u00e0 12 ans gr\u00e2ce \u00e0 notre Kids Club ainsi que notre aire de jeux\" \/>\n<meta property=\"og:url\" content=\"https:\/\/palmapparthotel.com\/index.php\/activites\/\" \/>\n<meta property=\"og:site_name\" content=\"Palm Appart Club\" \/>\n<meta property=\"article:publisher\" content=\"https:\/\/www.facebook.com\/PalmAppartClubMarrakech\/\" \/>\n<meta property=\"article:modified_time\" content=\"2019-03-14T09:39:01+00:00\" \/>\n<meta name=\"twitter:card\" content=\"summary_large_image\" \/>\n<meta name=\"twitter:label1\" content=\"Dur\u00e9e de lecture estim\u00e9e\" \/>\n\t<meta name=\"twitter:data1\" content=\"1 minute\" \/>\n<script type=\"application\/ld+json\" class=\"yoast-schema-graph\">{\"@context\":\"https:\/\/schema.org\",\"@graph\":[{\"@type\":\"WebPage\",\"@id\":\"https:\/\/palmapparthotel.com\/index.php\/activites\/\",\"url\":\"https:\/\/palmapparthotel.com\/index.php\/activites\/\",\"name\":\"Activit\u00e9s - Palm Appart Club\",\"isPartOf\":{\"@id\":\"https:\/\/palmapparthotel.com\/#website\"},\"datePublished\":\"2019-03-11T10:53:03+00:00\",\"dateModified\":\"2019-03-14T09:39:01+00:00\",\"breadcrumb\":{\"@id\":\"https:\/\/palmapparthotel.com\/index.php\/activites\/#breadcrumb\"},\"inLanguage\":\"fr-FR\",\"potentialAction\":[{\"@type\":\"ReadAction\",\"target\":[\"https:\/\/palmapparthotel.com\/index.php\/activites\/\"]}]},{\"@type\":\"BreadcrumbList\",\"@id\":\"https:\/\/palmapparthotel.com\/index.php\/activites\/#breadcrumb\",\"itemListElement\":[{\"@type\":\"ListItem\",\"position\":1,\"name\":\"Accueil\",\"item\":\"https:\/\/palmapparthotel.com\/\"},{\"@type\":\"ListItem\",\"position\":2,\"name\":\"Activit\u00e9s\"}]},{\"@type\":\"WebSite\",\"@id\":\"https:\/\/palmapparthotel.com\/#website\",\"url\":\"https:\/\/palmapparthotel.com\/\",\"name\":\"Palm Appart Club Marrakech\",\"description\":\"Palmappart Club Marrakech\",\"publisher\":{\"@id\":\"https:\/\/palmapparthotel.com\/#organization\"},\"potentialAction\":[{\"@type\":\"SearchAction\",\"target\":{\"@type\":\"EntryPoint\",\"urlTemplate\":\"https:\/\/palmapparthotel.com\/?s={search_term_string}\"},\"query-input\":{\"@type\":\"PropertyValueSpecification\",\"valueRequired\":true,\"valueName\":\"search_term_string\"}}],\"inLanguage\":\"fr-FR\"},{\"@type\":\"Organization\",\"@id\":\"https:\/\/palmapparthotel.com\/#organization\",\"name\":\"Palm Appart club Marrakech\",\"url\":\"https:\/\/palmapparthotel.com\/\",\"logo\":{\"@type\":\"ImageObject\",\"inLanguage\":\"fr-FR\",\"@id\":\"https:\/\/palmapparthotel.com\/#\/schema\/logo\/image\/\",\"url\":\"https:\/\/palmapparthotel.com\/wp-content\/uploads\/2019\/06\/Palm-Appart-logo-rouge2.png\",\"contentUrl\":\"https:\/\/palmapparthotel.com\/wp-content\/uploads\/2019\/06\/Palm-Appart-logo-rouge2.png\",\"width\":280,\"height\":99,\"caption\":\"Palm Appart club Marrakech\"},\"image\":{\"@id\":\"https:\/\/palmapparthotel.com\/#\/schema\/logo\/image\/\"},\"sameAs\":[\"https:\/\/www.facebook.com\/PalmAppartClubMarrakech\/\",\"https:\/\/www.instagram.com\/palmappart\/\"]}]}<\/script>\n<!-- \/ Yoast SEO plugin. -->","yoast_head_json":{"title":"Activit\u00e9s - Palm Appart Club","robots":{"index":"index","follow":"follow","max-snippet":"max-snippet:-1","max-image-preview":"max-image-preview:large","max-video-preview":"max-video-preview:-1"},"canonical":"https:\/\/palmapparthotel.com\/index.php\/activites\/","og_locale":"fr_FR","og_type":"article","og_title":"Activit\u00e9s - Palm Appart Club","og_description":"[vc_row][vc_column][vc_column_text] Le Palm Appart Club propose des activit\u00e9s en toutes saisons pour les plus petits comme les plus grands. [\/vc_column_text][\/vc_column][\/vc_row][vc_row][vc_column width=\u00a0\u00bb1\/2&Prime;][vc_single_image image=\u00a0\u00bb2120&Prime; img_size=\u00a0\u00bblarge\u00a0\u00bb][\/vc_column][vc_column width=\u00a0\u00bb1\/2&Prime;][vc_column_text] Notre \u00e9tablissement est une terre d\u2019aventure et de d\u00e9couverte, \u00e0 disposition de tous les enfants de 4 \u00e0 12 ans gr\u00e2ce \u00e0 notre Kids Club ainsi que notre aire de jeux","og_url":"https:\/\/palmapparthotel.com\/index.php\/activites\/","og_site_name":"Palm Appart Club","article_publisher":"https:\/\/www.facebook.com\/PalmAppartClubMarrakech\/","article_modified_time":"2019-03-14T09:39:01+00:00","twitter_card":"summary_large_image","twitter_misc":{"Dur\u00e9e de lecture estim\u00e9e":"1 minute"},"schema":{"@context":"https:\/\/schema.org","@graph":[{"@type":"WebPage","@id":"https:\/\/palmapparthotel.com\/index.php\/activites\/","url":"https:\/\/palmapparthotel.com\/index.php\/activites\/","name":"Activit\u00e9s - Palm Appart Club","isPartOf":{"@id":"https:\/\/palmapparthotel.com\/#website"},"datePublished":"2019-03-11T10:53:03+00:00","dateModified":"2019-03-14T09:39:01+00:00","breadcrumb":{"@id":"https:\/\/palmapparthotel.com\/index.php\/activites\/#breadcrumb"},"inLanguage":"fr-FR","potentialAction":[{"@type":"ReadAction","target":["https:\/\/palmapparthotel.com\/index.php\/activites\/"]}]},{"@type":"BreadcrumbList","@id":"https:\/\/palmapparthotel.com\/index.php\/activites\/#breadcrumb","itemListElement":[{"@type":"ListItem","position":1,"name":"Accueil","item":"https:\/\/palmapparthotel.com\/"},{"@type":"ListItem","position":2,"name":"Activit\u00e9s"}]},{"@type":"WebSite","@id":"https:\/\/palmapparthotel.com\/#website","url":"https:\/\/palmapparthotel.com\/","name":"Palm Appart Club Marrakech","description":"Palmappart Club Marrakech","publisher":{"@id":"https:\/\/palmapparthotel.com\/#organization"},"potentialAction":[{"@type":"SearchAction","target":{"@type":"EntryPoint","urlTemplate":"https:\/\/palmapparthotel.com\/?s={search_term_string}"},"query-input":{"@type":"PropertyValueSpecification","valueRequired":true,"valueName":"search_term_string"}}],"inLanguage":"fr-FR"},{"@type":"Organization","@id":"https:\/\/palmapparthotel.com\/#organization","name":"Palm Appart club Marrakech","url":"https:\/\/palmapparthotel.com\/","logo":{"@type":"ImageObject","inLanguage":"fr-FR","@id":"https:\/\/palmapparthotel.com\/#\/schema\/logo\/image\/","url":"https:\/\/palmapparthotel.com\/wp-content\/uploads\/2019\/06\/Palm-Appart-logo-rouge2.png","contentUrl":"https:\/\/palmapparthotel.com\/wp-content\/uploads\/2019\/06\/Palm-Appart-logo-rouge2.png","width":280,"height":99,"caption":"Palm Appart club Marrakech"},"image":{"@id":"https:\/\/palmapparthotel.com\/#\/schema\/logo\/image\/"},"sameAs":["https:\/\/www.facebook.com\/PalmAppartClubMarrakech\/","https:\/\/www.instagram.com\/palmappart\/"]}]}},"_links":{"self":[{"href":"https:\/\/palmapparthotel.com\/index.php\/wp-json\/wp\/v2\/pages\/2119"}],"collection":[{"href":"https:\/\/palmapparthotel.com\/index.php\/wp-json\/wp\/v2\/pages"}],"about":[{"href":"https:\/\/palmapparthotel.com\/index.php\/wp-json\/wp\/v2\/types\/page"}],"author":[{"embeddable":true,"href":"https:\/\/palmapparthotel.com\/index.php\/wp-json\/wp\/v2\/users\/1"}],"replies":[{"embeddable":true,"href":"https:\/\/palmapparthotel.com\/index.php\/wp-json\/wp\/v2\/comments?post=2119"}],"version-history":[{"count":6,"href":"https:\/\/palmapparthotel.com\/index.php\/wp-json\/wp\/v2\/pages\/2119\/revisions"}],"predecessor-version":[{"id":2139,"href":"https:\/\/palmapparthotel.com\/index.php\/wp-json\/wp\/v2\/pages\/2119\/revisions\/2139"}],"wp:attachment":[{"href":"https:\/\/palmapparthotel.com\/index.php\/wp-json\/wp\/v2\/media?parent=2119"}],"curies":[{"name":"wp","href":"https:\/\/api.w.org\/{rel}","templated":true}]}}