{"id":2032,"date":"2019-03-07T12:48:03","date_gmt":"2019-03-07T11:48:03","guid":{"rendered":"http:\/\/palmappartclubmarrakech.com\/site\/?page_id=2032"},"modified":"2020-02-18T10:31:40","modified_gmt":"2020-02-18T09:31:40","slug":"restaurant","status":"publish","type":"page","link":"https:\/\/palmapparthotel.com\/index.php\/restaurant\/","title":{"rendered":"Restaurants"},"content":{"rendered":"<p>[vc_row][vc_column][vc_column_text]Le Palm Appart Club dispose d\u2019un salon de th\u00e9 proposant une cuisine l\u00e9g\u00e8re et raffin\u00e9e. De plus, tous les r\u00e9sidents du Palm Appart Club ont acc\u00e8s aux restaurants de toutes les cuisines du monde au sein du Palm Plaza Hotel &amp; Spa :[\/vc_column_text][\/vc_column][\/vc_row][vc_row][vc_column width=\u00a0\u00bb1\/2&Prime;][vc_single_image image=\u00a0\u00bb2035&Prime; img_size=\u00a0\u00bblarge\u00a0\u00bb][\/vc_column][vc_column width=\u00a0\u00bb1\/2&Prime;]<div class=\"sohohotel-title1 sohohotel-title-color\"><h1>Restaurant International El Menzeh<\/h1><h3><\/h3><\/div>[vc_column_text]Restaurant International El Menzeh , vous pourrez y d\u00e9guster vos petits d\u00e9jeuners, d\u00e9jeuners et diners en style buffet riche et vari\u00e9 dans un cadre chaleureux et feutr\u00e9.[\/vc_column_text][\/vc_column][\/vc_row][vc_row][vc_column width=\u00a0\u00bb1\/2&Prime;]<div class=\"sohohotel-title1 sohohotel-title-color\"><h1>Marrakech \u2013Phuket<\/h1><h3><\/h3><\/div>[vc_column_text]<strong><em>Le restaurant Marrakech-Phuket est ouvert tous les jours de 08h30 \u00e0 23h30\u00a0; laissez vous tenter par une invitation au voyage ou vous pourrez d\u00e9guster diff\u00e9rents mets d\u2019une cuisine internationale , marocaine ou asiatique.<\/em><\/strong>[\/vc_column_text][\/vc_column][vc_column width=\u00a0\u00bb1\/2&Prime;][vc_single_image image=\u00a0\u00bb2186&Prime; img_size=\u00a0\u00bblarge\u00a0\u00bb][\/vc_column][\/vc_row][vc_row][vc_column width=\u00a0\u00bb1\/2&Prime;][vc_single_image image=\u00a0\u00bb2050&Prime; img_size=\u00a0\u00bblarge\u00a0\u00bb][\/vc_column][vc_column width=\u00a0\u00bb1\/2&Prime;]<div class=\"sohohotel-title1 sohohotel-title-color\"><h1>L\u2019oasis Snack Bar<\/h1><h3><\/h3><\/div>[vc_column_text]L\u2019oasis Snack Bar, ou vous pourrez Savourer une cuisine fraiche l\u00e9g\u00e8re et vari\u00e9e con\u00e7ue et imagin\u00e9e par notre chef executif au bord de la piscine du Palm Plaza Hotel &amp; Spa.[\/vc_column_text][\/vc_column][\/vc_row][vc_row][vc_column width=\u00a0\u00bb1\/2&Prime;]<div class=\"sohohotel-title1 sohohotel-title-color\"><h1>Bar Cordoba<\/h1><h3><\/h3><\/div>[vc_column_text]Le Bar Cordoba est un lieu incontournable du Palm Plaza Hotel &amp; Spa pour prendre un verre ou d\u00e9guster un cocktail tout en profitant d\u2019une musique interpr\u00e9t\u00e9e en live par notre chanteuse et son musicien.[\/vc_column_text][\/vc_column][vc_column width=\u00a0\u00bb1\/2&Prime;][vc_single_image image=\u00a0\u00bb2054&Prime; img_size=\u00a0\u00bblarge\u00a0\u00bb][\/vc_column][\/vc_row]<\/p>\n","protected":false},"excerpt":{"rendered":"<p>[vc_row][vc_column][vc_column_text]Le Palm Appart Club dispose d\u2019un salon de th\u00e9 proposant une cuisine l\u00e9g\u00e8re et raffin\u00e9e. De plus, tous les r\u00e9sidents du Palm Appart Club ont acc\u00e8s aux restaurants de toutes les cuisines du monde au sein du Palm Plaza Hotel &amp; Spa :[\/vc_column_text][\/vc_column][\/vc_row][vc_row][vc_column width=\u00a0\u00bb1\/2&Prime;][vc_single_image image=\u00a0\u00bb2035&Prime; img_size=\u00a0\u00bblarge\u00a0\u00bb][\/vc_column][vc_column width=\u00a0\u00bb1\/2&Prime;][vc_column_text]Restaurant International El Menzeh , vous pourrez y d\u00e9guster<\/p>\n<a href=\"https:\/\/palmapparthotel.com\/index.php\/restaurant\/\" class=\"sohohotel-more-link\">Read More<i class=\"fa fa-angle-right\"><\/i><\/a>","protected":false},"author":1,"featured_media":0,"parent":0,"menu_order":0,"comment_status":"closed","ping_status":"closed","template":"","meta":{"footnotes":""},"class_list":["post-2032","page","type-page","status-publish","hentry"],"yoast_head":"<!-- This site is optimized with the Yoast SEO plugin v23.8 - https:\/\/yoast.com\/wordpress\/plugins\/seo\/ -->\n<title>Restaurants - Palm Appart Club<\/title>\n<meta name=\"robots\" content=\"index, follow, max-snippet:-1, max-image-preview:large, max-video-preview:-1\" \/>\n<link rel=\"canonical\" href=\"https:\/\/palmapparthotel.com\/index.php\/restaurant\/\" \/>\n<meta property=\"og:locale\" content=\"fr_FR\" \/>\n<meta property=\"og:type\" content=\"article\" \/>\n<meta property=\"og:title\" content=\"Restaurants - Palm Appart Club\" \/>\n<meta property=\"og:description\" content=\"[vc_row][vc_column][vc_column_text]Le Palm Appart Club dispose d\u2019un salon de th\u00e9 proposant une cuisine l\u00e9g\u00e8re et raffin\u00e9e. De plus, tous les r\u00e9sidents du Palm Appart Club ont acc\u00e8s aux restaurants de toutes les cuisines du monde au sein du Palm Plaza Hotel &amp; Spa :[\/vc_column_text][\/vc_column][\/vc_row][vc_row][vc_column width=\u00a0\u00bb1\/2&Prime;][vc_single_image image=\u00a0\u00bb2035&Prime; img_size=\u00a0\u00bblarge\u00a0\u00bb][\/vc_column][vc_column width=\u00a0\u00bb1\/2&Prime;][vc_column_text]Restaurant International El Menzeh , vous pourrez y d\u00e9guster\" \/>\n<meta property=\"og:url\" content=\"https:\/\/palmapparthotel.com\/index.php\/restaurant\/\" \/>\n<meta property=\"og:site_name\" content=\"Palm Appart Club\" \/>\n<meta property=\"article:publisher\" content=\"https:\/\/www.facebook.com\/PalmAppartClubMarrakech\/\" \/>\n<meta property=\"article:modified_time\" content=\"2020-02-18T09:31:40+00:00\" \/>\n<meta name=\"twitter:card\" content=\"summary_large_image\" \/>\n<meta name=\"twitter:label1\" content=\"Dur\u00e9e de lecture estim\u00e9e\" \/>\n\t<meta name=\"twitter:data1\" content=\"2 minutes\" \/>\n<script type=\"application\/ld+json\" class=\"yoast-schema-graph\">{\"@context\":\"https:\/\/schema.org\",\"@graph\":[{\"@type\":\"WebPage\",\"@id\":\"https:\/\/palmapparthotel.com\/index.php\/restaurant\/\",\"url\":\"https:\/\/palmapparthotel.com\/index.php\/restaurant\/\",\"name\":\"Restaurants - Palm Appart Club\",\"isPartOf\":{\"@id\":\"https:\/\/palmapparthotel.com\/#website\"},\"datePublished\":\"2019-03-07T11:48:03+00:00\",\"dateModified\":\"2020-02-18T09:31:40+00:00\",\"breadcrumb\":{\"@id\":\"https:\/\/palmapparthotel.com\/index.php\/restaurant\/#breadcrumb\"},\"inLanguage\":\"fr-FR\",\"potentialAction\":[{\"@type\":\"ReadAction\",\"target\":[\"https:\/\/palmapparthotel.com\/index.php\/restaurant\/\"]}]},{\"@type\":\"BreadcrumbList\",\"@id\":\"https:\/\/palmapparthotel.com\/index.php\/restaurant\/#breadcrumb\",\"itemListElement\":[{\"@type\":\"ListItem\",\"position\":1,\"name\":\"Accueil\",\"item\":\"https:\/\/palmapparthotel.com\/\"},{\"@type\":\"ListItem\",\"position\":2,\"name\":\"Restaurants\"}]},{\"@type\":\"WebSite\",\"@id\":\"https:\/\/palmapparthotel.com\/#website\",\"url\":\"https:\/\/palmapparthotel.com\/\",\"name\":\"Palm Appart Club Marrakech\",\"description\":\"Palmappart Club Marrakech\",\"publisher\":{\"@id\":\"https:\/\/palmapparthotel.com\/#organization\"},\"potentialAction\":[{\"@type\":\"SearchAction\",\"target\":{\"@type\":\"EntryPoint\",\"urlTemplate\":\"https:\/\/palmapparthotel.com\/?s={search_term_string}\"},\"query-input\":{\"@type\":\"PropertyValueSpecification\",\"valueRequired\":true,\"valueName\":\"search_term_string\"}}],\"inLanguage\":\"fr-FR\"},{\"@type\":\"Organization\",\"@id\":\"https:\/\/palmapparthotel.com\/#organization\",\"name\":\"Palm Appart club Marrakech\",\"url\":\"https:\/\/palmapparthotel.com\/\",\"logo\":{\"@type\":\"ImageObject\",\"inLanguage\":\"fr-FR\",\"@id\":\"https:\/\/palmapparthotel.com\/#\/schema\/logo\/image\/\",\"url\":\"https:\/\/palmapparthotel.com\/wp-content\/uploads\/2019\/06\/Palm-Appart-logo-rouge2.png\",\"contentUrl\":\"https:\/\/palmapparthotel.com\/wp-content\/uploads\/2019\/06\/Palm-Appart-logo-rouge2.png\",\"width\":280,\"height\":99,\"caption\":\"Palm Appart club Marrakech\"},\"image\":{\"@id\":\"https:\/\/palmapparthotel.com\/#\/schema\/logo\/image\/\"},\"sameAs\":[\"https:\/\/www.facebook.com\/PalmAppartClubMarrakech\/\",\"https:\/\/www.instagram.com\/palmappart\/\"]}]}<\/script>\n<!-- \/ Yoast SEO plugin. -->","yoast_head_json":{"title":"Restaurants - Palm Appart Club","robots":{"index":"index","follow":"follow","max-snippet":"max-snippet:-1","max-image-preview":"max-image-preview:large","max-video-preview":"max-video-preview:-1"},"canonical":"https:\/\/palmapparthotel.com\/index.php\/restaurant\/","og_locale":"fr_FR","og_type":"article","og_title":"Restaurants - Palm Appart Club","og_description":"[vc_row][vc_column][vc_column_text]Le Palm Appart Club dispose d\u2019un salon de th\u00e9 proposant une cuisine l\u00e9g\u00e8re et raffin\u00e9e. De plus, tous les r\u00e9sidents du Palm Appart Club ont acc\u00e8s aux restaurants de toutes les cuisines du monde au sein du Palm Plaza Hotel &amp; Spa :[\/vc_column_text][\/vc_column][\/vc_row][vc_row][vc_column width=\u00a0\u00bb1\/2&Prime;][vc_single_image image=\u00a0\u00bb2035&Prime; img_size=\u00a0\u00bblarge\u00a0\u00bb][\/vc_column][vc_column width=\u00a0\u00bb1\/2&Prime;][vc_column_text]Restaurant International El Menzeh , vous pourrez y d\u00e9guster","og_url":"https:\/\/palmapparthotel.com\/index.php\/restaurant\/","og_site_name":"Palm Appart Club","article_publisher":"https:\/\/www.facebook.com\/PalmAppartClubMarrakech\/","article_modified_time":"2020-02-18T09:31:40+00:00","twitter_card":"summary_large_image","twitter_misc":{"Dur\u00e9e de lecture estim\u00e9e":"2 minutes"},"schema":{"@context":"https:\/\/schema.org","@graph":[{"@type":"WebPage","@id":"https:\/\/palmapparthotel.com\/index.php\/restaurant\/","url":"https:\/\/palmapparthotel.com\/index.php\/restaurant\/","name":"Restaurants - Palm Appart Club","isPartOf":{"@id":"https:\/\/palmapparthotel.com\/#website"},"datePublished":"2019-03-07T11:48:03+00:00","dateModified":"2020-02-18T09:31:40+00:00","breadcrumb":{"@id":"https:\/\/palmapparthotel.com\/index.php\/restaurant\/#breadcrumb"},"inLanguage":"fr-FR","potentialAction":[{"@type":"ReadAction","target":["https:\/\/palmapparthotel.com\/index.php\/restaurant\/"]}]},{"@type":"BreadcrumbList","@id":"https:\/\/palmapparthotel.com\/index.php\/restaurant\/#breadcrumb","itemListElement":[{"@type":"ListItem","position":1,"name":"Accueil","item":"https:\/\/palmapparthotel.com\/"},{"@type":"ListItem","position":2,"name":"Restaurants"}]},{"@type":"WebSite","@id":"https:\/\/palmapparthotel.com\/#website","url":"https:\/\/palmapparthotel.com\/","name":"Palm Appart Club Marrakech","description":"Palmappart Club Marrakech","publisher":{"@id":"https:\/\/palmapparthotel.com\/#organization"},"potentialAction":[{"@type":"SearchAction","target":{"@type":"EntryPoint","urlTemplate":"https:\/\/palmapparthotel.com\/?s={search_term_string}"},"query-input":{"@type":"PropertyValueSpecification","valueRequired":true,"valueName":"search_term_string"}}],"inLanguage":"fr-FR"},{"@type":"Organization","@id":"https:\/\/palmapparthotel.com\/#organization","name":"Palm Appart club Marrakech","url":"https:\/\/palmapparthotel.com\/","logo":{"@type":"ImageObject","inLanguage":"fr-FR","@id":"https:\/\/palmapparthotel.com\/#\/schema\/logo\/image\/","url":"https:\/\/palmapparthotel.com\/wp-content\/uploads\/2019\/06\/Palm-Appart-logo-rouge2.png","contentUrl":"https:\/\/palmapparthotel.com\/wp-content\/uploads\/2019\/06\/Palm-Appart-logo-rouge2.png","width":280,"height":99,"caption":"Palm Appart club Marrakech"},"image":{"@id":"https:\/\/palmapparthotel.com\/#\/schema\/logo\/image\/"},"sameAs":["https:\/\/www.facebook.com\/PalmAppartClubMarrakech\/","https:\/\/www.instagram.com\/palmappart\/"]}]}},"_links":{"self":[{"href":"https:\/\/palmapparthotel.com\/index.php\/wp-json\/wp\/v2\/pages\/2032"}],"collection":[{"href":"https:\/\/palmapparthotel.com\/index.php\/wp-json\/wp\/v2\/pages"}],"about":[{"href":"https:\/\/palmapparthotel.com\/index.php\/wp-json\/wp\/v2\/types\/page"}],"author":[{"embeddable":true,"href":"https:\/\/palmapparthotel.com\/index.php\/wp-json\/wp\/v2\/users\/1"}],"replies":[{"embeddable":true,"href":"https:\/\/palmapparthotel.com\/index.php\/wp-json\/wp\/v2\/comments?post=2032"}],"version-history":[{"count":12,"href":"https:\/\/palmapparthotel.com\/index.php\/wp-json\/wp\/v2\/pages\/2032\/revisions"}],"predecessor-version":[{"id":2189,"href":"https:\/\/palmapparthotel.com\/index.php\/wp-json\/wp\/v2\/pages\/2032\/revisions\/2189"}],"wp:attachment":[{"href":"https:\/\/palmapparthotel.com\/index.php\/wp-json\/wp\/v2\/media?parent=2032"}],"curies":[{"name":"wp","href":"https:\/\/api.w.org\/{rel}","templated":true}]}}