{"id":1838,"date":"2018-09-21T08:07:50","date_gmt":"2018-09-21T08:07:50","guid":{"rendered":"http:\/\/palmappartclubmarrakech.com\/site\/index.php\/home\/"},"modified":"2019-06-19T12:50:59","modified_gmt":"2019-06-19T10:50:59","slug":"home","status":"publish","type":"page","link":"https:\/\/palmapparthotel.com\/?lang=es","title":{"rendered":"Palm Appart Club Marrakech"},"content":{"rendered":"<p>[vc_row css=\u00bb.vc_custom_1549035910844{margin-top: 0px !important;margin-right: 0px !important;margin-bottom: 0px !important;margin-left: 0px !important;border-top-width: 0px !important;border-right-width: 0px !important;border-bottom-width: 0px !important;border-left-width: 0px !important;padding-top: 0px !important;padding-right: 0px !important;padding-bottom: 0px !important;padding-left: 0px !important;}\u00bb el_class=\u00bbsohohotel-home2-slider-wrapper\u00bb][vc_column css=\u00bb.vc_custom_1537517359601{margin-top: 0px !important;margin-right: 0px !important;margin-bottom: 0px !important;margin-left: 0px !important;border-top-width: 0px !important;border-right-width: 0px !important;border-bottom-width: 0px !important;border-left-width: 0px !important;padding-top: 0px !important;padding-right: 0px !important;padding-bottom: 0px !important;padding-left: 0px !important;}\u00bb][rev_slider_vc alias=\u00bbhome1&#8243; el_class=\u00bbsohohotel-homepage-slider\u00bb]\t\n\t<!-- BEGIN .wide-booking-form -->\n\t<div class=\"wide-booking-form clearfix\">\n\n\t\t<!-- BEGIN .booking-form -->\n\t\t<form class=\"booking-form\" id=\"form\"  >\t\n\t\t\t\n\t\t\t<input type=\"hidden\" id=\"check_in_hidden\" value=\"\" \/>\n\t\t\t\n\t\t\t\t\t\t\n\t\t\t<div class=\"booking-form-input-1\">\n\t\t\t\t<label for=\"check_in\">Check In<\/label>\n\t\t\t\t<div class=\"input-wrapper\">\n\t\t\t\t\t<i class=\"fa fa-angle-down\"><\/i>\n\t\t\t\t\t<input type=\"text\" id=\"check_in\" name=\"checkin\" value=\"Check In\" \/>\n\t\t\t\t\t\n\t\t\t\t<\/div>\n\t\t\t<\/div>\n\n\t\t\t<div class=\"booking-form-input-2\">\n\t\t\t\t<label for=\"check_out\">Check Out<\/label>\n\t\t\t\t<div class=\"input-wrapper\">\n\t\t\t\t\t<i class=\"fa fa-angle-down\"><\/i>\n\t\t\t\t\t<input type=\"text\" id=\"check_out\" name=\"checkout\" value=\"Check Out\" \/>\n\t\t\t\t\t\n\t\t\t\t<\/div>\n\t\t\t<\/div>\n\n\t\t\t<div class=\"booking-form-input-3\">\n\t\t\t\t<label for=\"book_room_adults_1\">Adults<\/label>\n\t\t\t\t<div class=\"select-wrapper\">\n\t\t\t\t\t<i class=\"fa fa-angle-down\"><\/i>\n\t\t\t\t\t<select id=\"book_room_adults_1\" name=\"noOfAdults\">\n\t\t\t\t\t\t\t\t\t\t\t\t\t<option value=\"1\">1<\/option>\n\t\t\t\t\t\t\t\t\t\t\t\t\t<option value=\"2\">2<\/option>\n\t\t\t\t\t\t\t\t\t\t\t\t\t<option value=\"3\">3<\/option>\n\t\t\t\t\t\t\t\t\t\t\t\t\t<option value=\"4\">4<\/option>\n\t\t\t\t\t\t\t\t\t\t\t\t\t<option value=\"5\">5<\/option>\n\t\t\t\t\t\t\t\t\t\t\t<\/select>\n\t\t\t\t<\/div>\n\t\t\t<\/div>\n\t\t\t<div class=\"booking-form-input-3\">\n\t\t\t\t<label for=\"book_room_adults_1\">Children <\/label>\n\t\t\t\t<div class=\"select-wrapper\">\n\t\t\t\t\t<i class=\"fa fa-angle-down\"><\/i>\n\t\t\t\t\t<select id=\"book_room_adults_1\" name=\"noOfChildren\">\n\t\t\t\t\t\t\t\t\t\t\t\t\t<option value=\"0\">0<\/option>\n\t\t\t\t\t\t\t\t\t\t\t\t\t<option value=\"1\">1<\/option>\n\t\t\t\t\t\t\t\t\t\t\t\t\t<option value=\"2\">2<\/option>\n\t\t\t\t\t\t\t\t\t\t\t\t\t<option value=\"3\">3<\/option>\n\t\t\t\t\t\t\t\t\t\t\t\t\t<option value=\"4\">4<\/option>\n\t\t\t\t\t\t\t\t\t\t\t\t\t<option value=\"5\">5<\/option>\n\t\t\t\t\t\t\t\t\t\t\t<\/select>\n\t\t\t\t<\/div>\n\t\t\t<\/div>\n\t\t\t\n\t\t\t\n\n\t\t\t\n \n\n\t\t\t<div class=\"booking-form-input-5\">\n\t\t\t\t\n\t\t\t\t<input type=\"hidden\" id=\"book_room\" name=\"noOfRooms\" value=\"1\" \/>\n\t\t\t\t<input class=\"external_bookingbutton\" class=\"Search\" class=\"c-button\" value=\"Book Now\" id=\"c-submit-button\" type=\"submit\">\n\t\t\t<\/div>\n\n\t\t<!-- END  .booking-form -->\n\t\t<\/form>\n<script src=\"https:\/\/ajax.googleapis.com\/ajax\/libs\/jquery\/2.1.1\/jquery.min.js\"><\/script>\n    <script>\n\t \n        $(\"form\").on(\"submit\", function (event) {\n\n            var liveUrl = 'https:\/\/palmappartclubmarrakech.seebooking.com';\n            var propertyId = '372878';\n            var lngCode = 'en';\n\t\t\tvar nombrechambre='1';\n\t\t\tvar nombrechild='0';\n\t\t\t\n \n            event.preventDefault();\n            var month = [\"\",\"Jan\", \"Feb\", \"Mar\", \"Apr\", \"May\", \"Jun\", \"Jul\", \"Aug\", \"Sep\", \"Oct\", \"Nov\", \"Dec\"];\n            var urlString = '';\n             $('#form').serializeArray().reduce(function (obj, item) {\n                \/\/obj[item.name] = item.value;\n                if(item.name == 'checkout' || item.name == 'checkin'){\n                    var valArray = item.value.split('-');\n\t\t\t\t\t\n                     urlString += item.name+\"=\"+item.value+\"&\";\n                }else{\n                    urlString += item.name+\"=\"+item.value+\"&\";\n                }                \n            }, {});\n            window.location.href = liveUrl+\"\/#\/roomlist?\"+urlString+'&property_id='+propertyId+'&lang='+lngCode;\n        });\n    <\/script>\n\t<!-- END .wide-booking-form -->\n\t<\/div>\n\t\n\t[\/vc_column][\/vc_row][vc_row fixed_width=\u00bbtrue\u00bb css=\u00bb.vc_custom_1537519315431{margin-bottom: 60px !important;}\u00bb][vc_column width=\u00bb1\/2&#8243;]<div class=\"sohohotel-title1 sohohotel-title-color\"><h1>Palm Appart Club<\/h1><h3>Marrakech<\/h3><\/div>[vc_column_text]El Palm Appart Club ofrece 108 apartamentos totalmente equipados para las vacaciones y los viajes de negocios.<\/p>\n<p>Este hotel con piscina, jard\u00edn, snack-bar y parque infantil disfruta de una hermosa vista de los picos nevados de las monta\u00f1as del Atlas. El Palm Appart Club esta ubicado en Agdal, enfrente del centro comercial Al-Mazar \u2013 Carrefour, a 5 minutos de la m\u00edtica plaza Jemaa El Fna.[\/vc_column_text]<a href=\"#\" class=\"sohohotel-button1\" style=\"background: #b99470;color:#ffffff;margin: 0 auto 20px auto;\">Learn More <i class=\"fa fa-angle-right\"><\/i><\/a><div class=\"sohohotel-clearboth\"><\/div>[\/vc_column][vc_column width=\u00bb1\/2&#8243;][vc_single_image image=\u00bb1850&#8243; img_size=\u00bblarge\u00bb][\/vc_column][\/vc_row][vc_row css=\u00bb.vc_custom_1550836571885{margin-top: 0px !important;margin-right: 0px !important;margin-bottom: 40px !important;margin-left: 0px !important;border-top-width: 0px !important;border-right-width: 0px !important;border-bottom-width: 0px !important;border-left-width: 0px !important;padding-top: 80px !important;padding-right: 0px !important;padding-bottom: 80px !important;padding-left: 0px !important;background-image: url(https:\/\/palmappartclubmarrakech.com\/site\/wp-content\/uploads\/2019\/02\/PISCINE-2.jpg?id=1962) !important;}\u00bb][vc_column css=\u00bb.vc_custom_1537520810268{margin-top: 0px !important;margin-right: 0px !important;margin-bottom: 0px !important;margin-left: 0px !important;border-top-width: 0px !important;border-right-width: 0px !important;border-bottom-width: 0px !important;border-left-width: 0px !important;padding-top: 0px !important;padding-right: 0px !important;padding-bottom: 0px !important;padding-left: 0px !important;}\u00bb]<div class=\"sohohotel-title2 sohohotel-title-color2\"><h3>Los apartamentos<\/h3><\/div>[vc_column_text el_class=\u00bbsohohotel-accommodation-carousel-text\u00bb]<\/p>\n<p style=\"text-align: center;\"><span style=\"color: #ffffff;\">Los apartamentos disponen de aire acondicionado, conexi\u00f3n Wi-Fi gratis y est\u00e1n equipados con TV de pantalla plana con acceso a Canal Sat\u00e9lite.<\/span><\/p>\n<p>[\/vc_column_text]\t\t\n\t\t<!-- BEGIN .accommodation-carousel -->\n\t\t<div class=\"accommodation-carousel sohohotel-owl-carousel-3\">\n\t\t\n\t\t\t\t\t\t\t\t\t\n\t\t\t\t\t\t<!-- BEGIN .accommodation-block -->\n\t\t\t\t\t\t<div class=\"accommodation-block\">\n\n\t\t\t\t\t\t\t<div class=\"accommodation-block-image\">\n\t\t\t\t\t\t\t\t\t\t\t\t\t\t\t\t\t<a href=\"https:\/\/palmapparthotel.com\/index.php\/accommodation\/apartamentos-senior\/?lang=es\" rel=\"bookmark\" title=\"Apartamentos Senior\">\n\t\t\t\t\t\t\t\t\t\t\t\t\t\t\t\t\t\t\t\t<img decoding=\"async\" src=\"https:\/\/palmapparthotel.com\/wp-content\/uploads\/2018\/09\/SENIOR-CHAMBRE-1-600x380.jpg\" alt=\"Apartamentos Senior\" \/>\t\t\t\t\t\t\t\t\t<\/a>\n\t\t\t\t\t\t\t\t\t\t\t\t\t\t\t<\/div>\n\n\t\t\t\t\t\t\t<div class=\"accommodation-block-content\">\n\t\t\t\t\t\t\t\t<h4><a href=\"https:\/\/palmapparthotel.com\/index.php\/accommodation\/apartamentos-senior\/?lang=es\" rel=\"bookmark\" title=\"Apartamentos Senior\">Apartamentos Senior<\/a><\/h4>\n\n\t\t\t\t\t\t\t\t\t\t\t\n\t\t\t\t\t\t\t\t\t\n\t\t\t\t\t\t\t\t<div class=\"clearfix\">\n\t\t\t\t\t\t\t\t\t\n\t\t\t\t\t\t\t\t\t<a href=\"https:\/\/palmapparthotel.com\/index.php\/accommodation\/apartamentos-senior\/?lang=es\" class=\"view-details-button\">View Details <i class=\"fa fa-angle-right\"><\/i><\/a>\n\t\t\t\t\t\t\t\t<\/div>\n\t\n\t\t\t\t\t\t\t<\/div>\n\n\t\t\t\t\t\t<!-- END .accommodation-block -->\n\t\t\t\t\t\t<\/div>\n\t\t\t\t\t\n\t\t\t\t\t\t\t\t\t\n\t\t\t\t\t\t<!-- BEGIN .accommodation-block -->\n\t\t\t\t\t\t<div class=\"accommodation-block\">\n\n\t\t\t\t\t\t\t<div class=\"accommodation-block-image\">\n\t\t\t\t\t\t\t\t\t\t\t\t\t\t\t\t\t<a href=\"https:\/\/palmapparthotel.com\/index.php\/accommodation\/apartamentos-junior\/?lang=es\" rel=\"bookmark\" title=\"Apartamentos Junior\">\n\t\t\t\t\t\t\t\t\t\t\t\t\t\t\t\t\t\t\t\t<img decoding=\"async\" src=\"https:\/\/palmapparthotel.com\/wp-content\/uploads\/2018\/09\/JUNIOR-CHAMBRE-600x380.jpg\" alt=\"Apartamentos Junior\" \/>\t\t\t\t\t\t\t\t\t<\/a>\n\t\t\t\t\t\t\t\t\t\t\t\t\t\t\t<\/div>\n\n\t\t\t\t\t\t\t<div class=\"accommodation-block-content\">\n\t\t\t\t\t\t\t\t<h4><a href=\"https:\/\/palmapparthotel.com\/index.php\/accommodation\/apartamentos-junior\/?lang=es\" rel=\"bookmark\" title=\"Apartamentos Junior\">Apartamentos Junior<\/a><\/h4>\n\n\t\t\t\t\t\t\t\t\t\t\t\n\t\t\t\t\t\t\t\t\t\n\t\t\t\t\t\t\t\t<div class=\"clearfix\">\n\t\t\t\t\t\t\t\t\t\n\t\t\t\t\t\t\t\t\t<a href=\"https:\/\/palmapparthotel.com\/index.php\/accommodation\/apartamentos-junior\/?lang=es\" class=\"view-details-button\">View Details <i class=\"fa fa-angle-right\"><\/i><\/a>\n\t\t\t\t\t\t\t\t<\/div>\n\t\n\t\t\t\t\t\t\t<\/div>\n\n\t\t\t\t\t\t<!-- END .accommodation-block -->\n\t\t\t\t\t\t<\/div>\n\t\t\t\t\t\n\t\t\t\t\t\t\t\t\t\n\t\t\t\t\t\t<!-- BEGIN .accommodation-block -->\n\t\t\t\t\t\t<div class=\"accommodation-block\">\n\n\t\t\t\t\t\t\t<div class=\"accommodation-block-image\">\n\t\t\t\t\t\t\t\t\t\t\t\t\t\t\t\t\t<a href=\"https:\/\/palmapparthotel.com\/index.php\/accommodation\/standard-ensuite-room\/?lang=es\" rel=\"bookmark\" title=\"Apartamentos Est\u00e1ndares\">\n\t\t\t\t\t\t\t\t\t\t\t\t\t\t\t\t\t\t\t\t<img decoding=\"async\" src=\"https:\/\/palmapparthotel.com\/wp-content\/uploads\/2018\/09\/IMG_7882-1-600x380.jpg\" alt=\"Apartamentos Est\u00e1ndares\" \/>\t\t\t\t\t\t\t\t\t<\/a>\n\t\t\t\t\t\t\t\t\t\t\t\t\t\t\t<\/div>\n\n\t\t\t\t\t\t\t<div class=\"accommodation-block-content\">\n\t\t\t\t\t\t\t\t<h4><a href=\"https:\/\/palmapparthotel.com\/index.php\/accommodation\/standard-ensuite-room\/?lang=es\" rel=\"bookmark\" title=\"Apartamentos Est\u00e1ndares\">Apartamentos Est\u00e1ndares<\/a><\/h4>\n\n\t\t\t\t\t\t\t\t\t\t\t\n\t\t\t\t\t\t\t\t<ul>\r\n<li><span>Occupancy:<\/span> 2 Person(s)<\/li>\r\n<li><span>Size:<\/span> 100-140sqm<\/li>\r\n<li><span>View:<\/span> City<\/li>\r\n<\/ul>\t\n\t\t\t\t\t\t\t\t<div class=\"clearfix\">\n\t\t\t\t\t\t\t\t\t\n\t\t\t\t\t\t\t\t\t<a href=\"https:\/\/palmapparthotel.com\/index.php\/accommodation\/standard-ensuite-room\/?lang=es\" class=\"view-details-button\">View Details <i class=\"fa fa-angle-right\"><\/i><\/a>\n\t\t\t\t\t\t\t\t<\/div>\n\t\n\t\t\t\t\t\t\t<\/div>\n\n\t\t\t\t\t\t<!-- END .accommodation-block -->\n\t\t\t\t\t\t<\/div>\n\t\t\t\t\t\n\t\t\t\t\t\t\n\t\t\t<!-- END .accommodation-carousel -->\n\t\t\t<\/div>\n\t\t\n\t[\/vc_column][\/vc_row][vc_row][vc_column width=\u00bb1\/2&#8243;]\t\n\t\t\n\t\t\n\t<!-- BEGIN #google-map -->\n\t<div id=\"google-map-1\" style=\"width: 100%;height: 550px;\"><\/div>\n\n\t<script type=\"text\/javascript\">\n\n\t\tfunction initialize() {\n\n\t\t\t\/\/ Set Location\n\t\t\tvar myLatlng = new google.maps.LatLng(31.593133,-7.988408);\n\n\t\t\t\/\/ Set Style\n\t\t\tvar styles = [\n\t\t\t    {\n\t\t\t      stylers: [\n\t\t\t        { hue: \"#b99470\" },\n\t\t\t        { saturation: -50 }\n\t\t\t      ]\n\t\t\t    },{\n\t\t\t      featureType: \"road\",\n\t\t\t      elementType: \"geometry\",\n\t\t\t      stylers: [\n\t\t\t        { lightness: 100 },\n\t\t\t        { visibility: \"simplified\" }\n\t\t\t      ]\n\t\t\t    },{\n\t\t\t      featureType: \"road\",\n\t\t\t      elementType: \"labels\",\n\t\t\t      stylers: [\n\t\t\t        { visibility: \"off\" }\n\t\t\t      ]\n\t\t\t    }\n\t\t\t  ];\n\n\t\t\t\/\/ Set Map Options\n\t\t\tvar mapOptions = {\n\t\t\t\tmapTypeControlOptions: {\n\t\t\t\t\tmapTypeIds: ['Styled']\n\t\t\t\t},\n\t\t\t\tcenter: myLatlng,\n\t\t\t\tzoom: 14,\n\t\t\t\tmapTypeId: 'Styled',\n\t\t\t\tscrollwheel: false,\n\t\t\t\tscaleControl: false,\n\t\t\t\tdisableDefaultUI: false\n\t\t\t};\n\n\t\t\t\/\/ Build Map\n\t\t\tvar map = new google.maps.Map(document.getElementById('google-map-1'), mapOptions);\n\t\t\tvar styledMapType = new google.maps.StyledMapType(styles, { name: 'Styled' });\n\t\t\tmap.mapTypes.set('Styled', styledMapType);\n\n\t\t\t\/\/ Set Map Marker\n\t\t\tvar contentString = 'Palm Appart Club';\n\t\t\tvar infowindow = new google.maps.InfoWindow({\n\t\t\t\tcontent: contentString\n\t\t\t});\n\t\t\tvar marker = new google.maps.Marker({\n\t\t\t\tposition: myLatlng,\n\t\t\t\tmap: map,\n\t\t\t\ttitle: 'Map Marker 1',\n\t\t\t\ticon: {\n\t\t\t\t        path: fontawesome.markers.MAP_MARKER,\n\t\t\t\t        scale: 0.8,\n\t\t\t\t        strokeWeight: 0,\n\t\t\t\t        strokeColor: 'black',\n\t\t\t\t        strokeOpacity: 1,\n\t\t\t\t        fillColor: '#b99470',\n\t\t\t\t        fillOpacity: 1,\n\t\t\t\t    },\n\t\t\t});\n\n\t\t\t\/\/ Display Map Marker\n\t\t\tgoogle.maps.event.addListener(marker, 'click', function() {\n\t\t\t\tinfowindow.open(map,marker);\n\t\t\t});\n\n\t\t}\n\n\t\t\/\/ Display Map\n\t\tgoogle.maps.event.addDomListener(window, 'load', initialize);\n\n\t<\/script>\n\t\n\t\n\t[\/vc_column][vc_column width=\u00bb1\/2&#8243;][vc_single_image image=\u00bb2067&#8243; img_size=\u00bblarge\u00bb][\/vc_column][\/vc_row]<\/p>\n","protected":false},"excerpt":{"rendered":"<p>[vc_row css=\u00bb.vc_custom_1549035910844{margin-top: 0px !important;margin-right: 0px !important;margin-bottom: 0px !important;margin-left: 0px !important;border-top-width: 0px !important;border-right-width: 0px !important;border-bottom-width: 0px !important;border-left-width: 0px !important;padding-top: 0px !important;padding-right: 0px !important;padding-bottom: 0px !important;padding-left: 0px !important;}\u00bb el_class=\u00bbsohohotel-home2-slider-wrapper\u00bb][vc_column css=\u00bb.vc_custom_1537517359601{margin-top: 0px !important;margin-right: 0px !important;margin-bottom: 0px !important;margin-left: 0px !important;border-top-width: 0px !important;border-right-width: 0px !important;border-bottom-width: 0px !important;border-left-width: 0px !important;padding-top: 0px !important;padding-right: 0px !important;padding-bottom: 0px !important;padding-left: 0px !important;}\u00bb][rev_slider_vc alias=\u00bbhome1&#8243; el_class=\u00bbsohohotel-homepage-slider\u00bb][\/vc_column][\/vc_row][vc_row fixed_width=\u00bbtrue\u00bb<\/p>\n<a href=\"https:\/\/palmapparthotel.com\/index.php\/accommodation\/standard-ensuite-room\/?lang=es\" class=\"sohohotel-more-link\">Read More<i class=\"fa fa-angle-right\"><\/i><\/a>","protected":false},"author":1,"featured_media":0,"parent":0,"menu_order":0,"comment_status":"closed","ping_status":"closed","template":"","meta":{"footnotes":""},"class_list":["post-1838","page","type-page","status-publish","hentry"],"yoast_head":"<!-- This site is optimized with the Yoast SEO plugin v23.8 - https:\/\/yoast.com\/wordpress\/plugins\/seo\/ -->\n<title>Palm Appart Club Marrakech - Palm Appart Club<\/title>\n<meta name=\"robots\" content=\"index, follow, max-snippet:-1, max-image-preview:large, max-video-preview:-1\" \/>\n<link rel=\"canonical\" href=\"https:\/\/palmapparthotel.com\/?lang=es\" \/>\n<meta property=\"og:locale\" content=\"es_ES\" \/>\n<meta property=\"og:type\" content=\"article\" \/>\n<meta property=\"og:title\" content=\"Palm Appart Club Marrakech - Palm Appart Club\" \/>\n<meta property=\"og:description\" content=\"[vc_row css=\u00bb.vc_custom_1549035910844{margin-top: 0px !important;margin-right: 0px !important;margin-bottom: 0px !important;margin-left: 0px !important;border-top-width: 0px !important;border-right-width: 0px !important;border-bottom-width: 0px !important;border-left-width: 0px !important;padding-top: 0px !important;padding-right: 0px !important;padding-bottom: 0px !important;padding-left: 0px !important;}\u00bb el_class=\u00bbsohohotel-home2-slider-wrapper\u00bb][vc_column css=\u00bb.vc_custom_1537517359601{margin-top: 0px !important;margin-right: 0px !important;margin-bottom: 0px !important;margin-left: 0px !important;border-top-width: 0px !important;border-right-width: 0px !important;border-bottom-width: 0px !important;border-left-width: 0px !important;padding-top: 0px !important;padding-right: 0px !important;padding-bottom: 0px !important;padding-left: 0px !important;}\u00bb][rev_slider_vc alias=\u00bbhome1&#8243; el_class=\u00bbsohohotel-homepage-slider\u00bb][\/vc_column][\/vc_row][vc_row fixed_width=\u00bbtrue\u00bb\" \/>\n<meta property=\"og:url\" content=\"https:\/\/palmapparthotel.com\/\" \/>\n<meta property=\"og:site_name\" content=\"Palm Appart Club\" \/>\n<meta property=\"article:publisher\" content=\"https:\/\/www.facebook.com\/PalmAppartClubMarrakech\/\" \/>\n<meta property=\"article:modified_time\" content=\"2019-06-19T10:50:59+00:00\" \/>\n<meta name=\"twitter:card\" content=\"summary_large_image\" \/>\n<meta name=\"twitter:label1\" content=\"Tiempo de lectura\" \/>\n\t<meta name=\"twitter:data1\" content=\"2 minutos\" \/>\n<script type=\"application\/ld+json\" class=\"yoast-schema-graph\">{\"@context\":\"https:\/\/schema.org\",\"@graph\":[{\"@type\":\"WebPage\",\"@id\":\"https:\/\/palmapparthotel.com\/\",\"url\":\"https:\/\/palmapparthotel.com\/\",\"name\":\"Palm Appart Club Marrakech - Palm Appart Club\",\"isPartOf\":{\"@id\":\"https:\/\/palmapparthotel.com\/#website\"},\"datePublished\":\"2018-09-21T08:07:50+00:00\",\"dateModified\":\"2019-06-19T10:50:59+00:00\",\"breadcrumb\":{\"@id\":\"https:\/\/palmapparthotel.com\/#breadcrumb\"},\"inLanguage\":\"es\",\"potentialAction\":[{\"@type\":\"ReadAction\",\"target\":[\"https:\/\/palmapparthotel.com\/\"]}]},{\"@type\":\"BreadcrumbList\",\"@id\":\"https:\/\/palmapparthotel.com\/#breadcrumb\",\"itemListElement\":[{\"@type\":\"ListItem\",\"position\":1,\"name\":\"Accueil\",\"item\":\"https:\/\/palmapparthotel.com\/\"},{\"@type\":\"ListItem\",\"position\":2,\"name\":\"Palm Appart Club Marrakech\"}]},{\"@type\":\"WebSite\",\"@id\":\"https:\/\/palmapparthotel.com\/#website\",\"url\":\"https:\/\/palmapparthotel.com\/\",\"name\":\"Palm Appart Club Marrakech\",\"description\":\"Un site utilisant WordPress\",\"publisher\":{\"@id\":\"https:\/\/palmapparthotel.com\/#organization\"},\"potentialAction\":[{\"@type\":\"SearchAction\",\"target\":{\"@type\":\"EntryPoint\",\"urlTemplate\":\"https:\/\/palmapparthotel.com\/?s={search_term_string}\"},\"query-input\":{\"@type\":\"PropertyValueSpecification\",\"valueRequired\":true,\"valueName\":\"search_term_string\"}}],\"inLanguage\":\"es\"},{\"@type\":\"Organization\",\"@id\":\"https:\/\/palmapparthotel.com\/#organization\",\"name\":\"Palm Appart club Marrakech\",\"url\":\"https:\/\/palmapparthotel.com\/\",\"logo\":{\"@type\":\"ImageObject\",\"inLanguage\":\"es\",\"@id\":\"https:\/\/palmapparthotel.com\/#\/schema\/logo\/image\/\",\"url\":\"https:\/\/palmapparthotel.com\/wp-content\/uploads\/2019\/06\/Palm-Appart-logo-rouge2.png\",\"contentUrl\":\"https:\/\/palmapparthotel.com\/wp-content\/uploads\/2019\/06\/Palm-Appart-logo-rouge2.png\",\"width\":280,\"height\":99,\"caption\":\"Palm Appart club Marrakech\"},\"image\":{\"@id\":\"https:\/\/palmapparthotel.com\/#\/schema\/logo\/image\/\"},\"sameAs\":[\"https:\/\/www.facebook.com\/PalmAppartClubMarrakech\/\",\"https:\/\/www.instagram.com\/palmappart\/\"]}]}<\/script>\n<!-- \/ Yoast SEO plugin. -->","yoast_head_json":{"title":"Palm Appart Club Marrakech - Palm Appart Club","robots":{"index":"index","follow":"follow","max-snippet":"max-snippet:-1","max-image-preview":"max-image-preview:large","max-video-preview":"max-video-preview:-1"},"canonical":"https:\/\/palmapparthotel.com\/?lang=es","og_locale":"es_ES","og_type":"article","og_title":"Palm Appart Club Marrakech - Palm Appart Club","og_description":"[vc_row css=\u00bb.vc_custom_1549035910844{margin-top: 0px !important;margin-right: 0px !important;margin-bottom: 0px !important;margin-left: 0px !important;border-top-width: 0px !important;border-right-width: 0px !important;border-bottom-width: 0px !important;border-left-width: 0px !important;padding-top: 0px !important;padding-right: 0px !important;padding-bottom: 0px !important;padding-left: 0px !important;}\u00bb el_class=\u00bbsohohotel-home2-slider-wrapper\u00bb][vc_column css=\u00bb.vc_custom_1537517359601{margin-top: 0px !important;margin-right: 0px !important;margin-bottom: 0px !important;margin-left: 0px !important;border-top-width: 0px !important;border-right-width: 0px !important;border-bottom-width: 0px !important;border-left-width: 0px !important;padding-top: 0px !important;padding-right: 0px !important;padding-bottom: 0px !important;padding-left: 0px !important;}\u00bb][rev_slider_vc alias=\u00bbhome1&#8243; el_class=\u00bbsohohotel-homepage-slider\u00bb][\/vc_column][\/vc_row][vc_row fixed_width=\u00bbtrue\u00bb","og_url":"https:\/\/palmapparthotel.com\/","og_site_name":"Palm Appart Club","article_publisher":"https:\/\/www.facebook.com\/PalmAppartClubMarrakech\/","article_modified_time":"2019-06-19T10:50:59+00:00","twitter_card":"summary_large_image","twitter_misc":{"Tiempo de lectura":"2 minutos"},"schema":{"@context":"https:\/\/schema.org","@graph":[{"@type":"WebPage","@id":"https:\/\/palmapparthotel.com\/","url":"https:\/\/palmapparthotel.com\/","name":"Palm Appart Club Marrakech - Palm Appart Club","isPartOf":{"@id":"https:\/\/palmapparthotel.com\/#website"},"datePublished":"2018-09-21T08:07:50+00:00","dateModified":"2019-06-19T10:50:59+00:00","breadcrumb":{"@id":"https:\/\/palmapparthotel.com\/#breadcrumb"},"inLanguage":"es","potentialAction":[{"@type":"ReadAction","target":["https:\/\/palmapparthotel.com\/"]}]},{"@type":"BreadcrumbList","@id":"https:\/\/palmapparthotel.com\/#breadcrumb","itemListElement":[{"@type":"ListItem","position":1,"name":"Accueil","item":"https:\/\/palmapparthotel.com\/"},{"@type":"ListItem","position":2,"name":"Palm Appart Club Marrakech"}]},{"@type":"WebSite","@id":"https:\/\/palmapparthotel.com\/#website","url":"https:\/\/palmapparthotel.com\/","name":"Palm Appart Club Marrakech","description":"Un site utilisant WordPress","publisher":{"@id":"https:\/\/palmapparthotel.com\/#organization"},"potentialAction":[{"@type":"SearchAction","target":{"@type":"EntryPoint","urlTemplate":"https:\/\/palmapparthotel.com\/?s={search_term_string}"},"query-input":{"@type":"PropertyValueSpecification","valueRequired":true,"valueName":"search_term_string"}}],"inLanguage":"es"},{"@type":"Organization","@id":"https:\/\/palmapparthotel.com\/#organization","name":"Palm Appart club Marrakech","url":"https:\/\/palmapparthotel.com\/","logo":{"@type":"ImageObject","inLanguage":"es","@id":"https:\/\/palmapparthotel.com\/#\/schema\/logo\/image\/","url":"https:\/\/palmapparthotel.com\/wp-content\/uploads\/2019\/06\/Palm-Appart-logo-rouge2.png","contentUrl":"https:\/\/palmapparthotel.com\/wp-content\/uploads\/2019\/06\/Palm-Appart-logo-rouge2.png","width":280,"height":99,"caption":"Palm Appart club Marrakech"},"image":{"@id":"https:\/\/palmapparthotel.com\/#\/schema\/logo\/image\/"},"sameAs":["https:\/\/www.facebook.com\/PalmAppartClubMarrakech\/","https:\/\/www.instagram.com\/palmappart\/"]}]}},"_links":{"self":[{"href":"https:\/\/palmapparthotel.com\/index.php\/wp-json\/wp\/v2\/pages\/1838\/?lang=es"}],"collection":[{"href":"https:\/\/palmapparthotel.com\/index.php\/wp-json\/wp\/v2\/pages\/?lang=es"}],"about":[{"href":"https:\/\/palmapparthotel.com\/index.php\/wp-json\/wp\/v2\/types\/page\/?lang=es"}],"author":[{"embeddable":true,"href":"https:\/\/palmapparthotel.com\/index.php\/wp-json\/wp\/v2\/users\/1\/?lang=es"}],"replies":[{"embeddable":true,"href":"https:\/\/palmapparthotel.com\/index.php\/wp-json\/wp\/v2\/comments\/?lang=es&post=1838"}],"version-history":[{"count":15,"href":"https:\/\/palmapparthotel.com\/index.php\/wp-json\/wp\/v2\/pages\/1838\/revisions\/?lang=es"}],"predecessor-version":[{"id":2170,"href":"https:\/\/palmapparthotel.com\/index.php\/wp-json\/wp\/v2\/pages\/1838\/revisions\/2170\/?lang=es"}],"wp:attachment":[{"href":"https:\/\/palmapparthotel.com\/index.php\/wp-json\/wp\/v2\/media\/?lang=es&parent=1838"}],"curies":[{"name":"wp","href":"https:\/\/api.w.org\/{rel}","templated":true}]}}