{"id":1836,"date":"2018-09-21T08:07:50","date_gmt":"2018-09-21T08:07:50","guid":{"rendered":"http:\/\/palmappartclubmarrakech.com\/site\/index.php\/home\/"},"modified":"2025-11-21T10:46:09","modified_gmt":"2025-11-21T09:46:09","slug":"home","status":"publish","type":"page","link":"https:\/\/palmapparthotel.com\/","title":{"rendered":"Palm Appart Hotel Marrakech"},"content":{"rendered":"<p>[vc_row css=\u00a0\u00bb.vc_custom_1549035910844{margin-top: 0px !important;margin-right: 0px !important;margin-bottom: 0px !important;margin-left: 0px !important;border-top-width: 0px !important;border-right-width: 0px !important;border-bottom-width: 0px !important;border-left-width: 0px !important;padding-top: 0px !important;padding-right: 0px !important;padding-bottom: 0px !important;padding-left: 0px !important;}\u00a0\u00bb el_class=\u00a0\u00bbsohohotel-home2-slider-wrapper\u00a0\u00bb][vc_column css=\u00a0\u00bb.vc_custom_1537517359601{margin-top: 0px !important;margin-right: 0px !important;margin-bottom: 0px !important;margin-left: 0px !important;border-top-width: 0px !important;border-right-width: 0px !important;border-bottom-width: 0px !important;border-left-width: 0px !important;padding-top: 0px !important;padding-right: 0px !important;padding-bottom: 0px !important;padding-left: 0px !important;}\u00a0\u00bb]\n\t\t\t<!-- START Slider 1 REVOLUTION SLIDER 6.7.20 --><p class=\"rs-p-wp-fix\"><\/p>\n\t\t\t<rs-module-wrap id=\"rev_slider_7_1_wrapper\" data-source=\"gallery\" style=\"visibility:hidden;background:transparent;padding:0;margin:0px auto;margin-top:0;margin-bottom:0;\">\n\t\t\t\t<rs-module id=\"rev_slider_7_1\" style=\"\" data-version=\"6.7.20\">\n\t\t\t\t\t<rs-slides style=\"overflow: hidden; position: absolute;\">\n\t\t\t\t\t\t<rs-slide style=\"position: absolute;\" data-key=\"rs-17\" data-title=\"Slide\" data-in=\"o:0;\" data-out=\"a:false;\" data-mediafilter=\"xpro2\">\n\t\t\t\t\t\t\t<img decoding=\"async\" src=\"\/\/palmapparthotel.com\/wp-content\/plugins\/Revolution-Slide-Premium-CMS-Craft\/sr6\/assets\/assets\/dummy.png\" alt=\"\" title=\"SENIOR CHAMBRE 1\" width=\"1944\" height=\"1296\" class=\"rev-slidebg tp-rs-img rs-lazyload\" data-lazyload=\"\/\/palmapparthotel.com\/wp-content\/uploads\/2018\/09\/SENIOR-CHAMBRE-1.jpg\" data-no-retina>\n<!---->\t\t\t\t\t<\/rs-slide>\n\t\t\t\t\t<\/rs-slides>\n\t\t\t\t<\/rs-module>\n\t\t\t\t<script>\n\t\t\t\t\tsetREVStartSize({c: 'rev_slider_7_1',rl:[1240,1024,778,480],el:[899.985],gw:[1240],gh:[900],type:'standard',justify:'',layout:'fullwidth',mh:\"0\"});if (window.RS_MODULES!==undefined && window.RS_MODULES.modules!==undefined && window.RS_MODULES.modules[\"revslider71\"]!==undefined) {window.RS_MODULES.modules[\"revslider71\"].once = false;window.revapi7 = undefined;if (window.RS_MODULES.checkMinimal!==undefined) window.RS_MODULES.checkMinimal()}\n\t\t\t\t<\/script>\n\t\t\t<\/rs-module-wrap>\n\t\t\t<!-- END REVOLUTION SLIDER -->\n[\/vc_column][\/vc_row][vc_row fixed_width=\u00a0\u00bbtrue\u00a0\u00bb css=\u00a0\u00bb.vc_custom_1537519315431{margin-bottom: 60px !important;}\u00a0\u00bb][vc_column width=\u00a0\u00bb1\/2&Prime;]<div class=\"sohohotel-title1 sohohotel-title-color\"><h1>Palm Appart Club<\/h1><h3>Marrakech<\/h3><\/div>[vc_column_text]Le Palm Appart Club Propose 108 appartements enti\u00e8rement \u00e9quip\u00e9s pour vos vacances et voyages d&rsquo;affaires. Cet h\u00f4tel avec piscine, jardin, snack-bar et aire de jeux pour enfants b\u00e9n\u00e9ficie d&rsquo;une magnifique vue sur les sommets enneig\u00e9s de l&rsquo;Atlas.<\/p>\n<p>Le Palm Appart Club est situ\u00e9 dans l&rsquo;Agdal en face du Mall Almazar-Carrefour, \u00e0 5 min de la mythique place Jemaa El Fna.[\/vc_column_text]<a href=\"#\" class=\"sohohotel-button1\" style=\"background: #b99470;color:#ffffff;margin: 0 auto 20px auto;\">Learn More <i class=\"fa fa-angle-right\"><\/i><\/a><div class=\"sohohotel-clearboth\"><\/div>[\/vc_column][vc_column width=\u00a0\u00bb1\/2&Prime;][vc_single_image image=\u00a0\u00bb1848&Prime; img_size=\u00a0\u00bblarge\u00a0\u00bb][\/vc_column][\/vc_row][vc_row css=\u00a0\u00bb.vc_custom_1550836571885{margin-top: 0px !important;margin-right: 0px !important;margin-bottom: 40px !important;margin-left: 0px !important;border-top-width: 0px !important;border-right-width: 0px !important;border-bottom-width: 0px !important;border-left-width: 0px !important;padding-top: 80px !important;padding-right: 0px !important;padding-bottom: 80px !important;padding-left: 0px !important;background-image: url(https:\/\/palmappartclubmarrakech.com\/site\/wp-content\/uploads\/2019\/02\/PISCINE-2.jpg?id=1962) !important;}\u00a0\u00bb][vc_column css=\u00a0\u00bb.vc_custom_1537520810268{margin-top: 0px !important;margin-right: 0px !important;margin-bottom: 0px !important;margin-left: 0px !important;border-top-width: 0px !important;border-right-width: 0px !important;border-bottom-width: 0px !important;border-left-width: 0px !important;padding-top: 0px !important;padding-right: 0px !important;padding-bottom: 0px !important;padding-left: 0px !important;}\u00a0\u00bb]<div class=\"sohohotel-title2 sohohotel-title-color\"><h3>Appartements<\/h3><\/div>\t\t\n\t\t<!-- BEGIN .accommodation-carousel -->\n\t\t<div class=\"accommodation-carousel sohohotel-owl-carousel-3\">\n\t\t\n\t\t\t\t\t\t\t\t\t\n\t\t\t\t\t\t<!-- BEGIN .accommodation-block -->\n\t\t\t\t\t\t<div class=\"accommodation-block\">\n\n\t\t\t\t\t\t\t<div class=\"accommodation-block-image\">\n\t\t\t\t\t\t\t\t\t\t\t\t\t\t\t\t\t<a href=\"https:\/\/palmapparthotel.com\/index.php\/accommodation\/studio\/\" rel=\"bookmark\" title=\"Appartements standards\">\n\t\t\t\t\t\t\t\t\t\t\t\t\t\t\t\t\t\t\t\t<img decoding=\"async\" src=\"https:\/\/palmapparthotel.com\/wp-content\/uploads\/2018\/09\/IMG_7882-1-600x380.jpg\" alt=\"Appartements standards\" \/>\t\t\t\t\t\t\t\t\t<\/a>\n\t\t\t\t\t\t\t\t\t\t\t\t\t\t\t<\/div>\n\n\t\t\t\t\t\t\t<div class=\"accommodation-block-content\">\n\t\t\t\t\t\t\t\t<h4><a href=\"https:\/\/palmapparthotel.com\/index.php\/accommodation\/studio\/\" rel=\"bookmark\" title=\"Appartements standards\">Appartements standards<\/a><\/h4>\n\n\t\t\t\t\t\t\t\t\t\t\t\n\t\t\t\t\t\t\t\t\t\n\t\t\t\t\t\t\t\t<div class=\"clearfix\">\n\t\t\t\t\t\t\t\t\t\n\t\t\t\t\t\t\t\t\t<a href=\"https:\/\/palmapparthotel.com\/index.php\/accommodation\/studio\/\" class=\"view-details-button\">D\u00e9tails <i class=\"fa fa-angle-right\"><\/i><\/a>\n\t\t\t\t\t\t\t\t<\/div>\n\t\n\t\t\t\t\t\t\t<\/div>\n\n\t\t\t\t\t\t<!-- END .accommodation-block -->\n\t\t\t\t\t\t<\/div>\n\t\t\t\t\t\n\t\t\t\t\t\t\t\t\t\n\t\t\t\t\t\t<!-- BEGIN .accommodation-block -->\n\t\t\t\t\t\t<div class=\"accommodation-block\">\n\n\t\t\t\t\t\t\t<div class=\"accommodation-block-image\">\n\t\t\t\t\t\t\t\t\t\t\t\t\t\t\t\t\t<a href=\"https:\/\/palmapparthotel.com\/index.php\/accommodation\/appartement-junior\/\" rel=\"bookmark\" title=\"Appartement Junior\">\n\t\t\t\t\t\t\t\t\t\t\t\t\t\t\t\t\t\t\t\t<img decoding=\"async\" src=\"https:\/\/palmapparthotel.com\/wp-content\/uploads\/2018\/09\/JUNIOR-CHAMBRE-600x380.jpg\" alt=\"Appartement Junior\" \/>\t\t\t\t\t\t\t\t\t<\/a>\n\t\t\t\t\t\t\t\t\t\t\t\t\t\t\t<\/div>\n\n\t\t\t\t\t\t\t<div class=\"accommodation-block-content\">\n\t\t\t\t\t\t\t\t<h4><a href=\"https:\/\/palmapparthotel.com\/index.php\/accommodation\/appartement-junior\/\" rel=\"bookmark\" title=\"Appartement Junior\">Appartement Junior<\/a><\/h4>\n\n\t\t\t\t\t\t\t\t\t\t\t\n\t\t\t\t\t\t\t\t\t\n\t\t\t\t\t\t\t\t<div class=\"clearfix\">\n\t\t\t\t\t\t\t\t\t\n\t\t\t\t\t\t\t\t\t<a href=\"https:\/\/palmapparthotel.com\/index.php\/accommodation\/appartement-junior\/\" class=\"view-details-button\">D\u00e9tails <i class=\"fa fa-angle-right\"><\/i><\/a>\n\t\t\t\t\t\t\t\t<\/div>\n\t\n\t\t\t\t\t\t\t<\/div>\n\n\t\t\t\t\t\t<!-- END .accommodation-block -->\n\t\t\t\t\t\t<\/div>\n\t\t\t\t\t\n\t\t\t\t\t\t\t\t\t\n\t\t\t\t\t\t<!-- BEGIN .accommodation-block -->\n\t\t\t\t\t\t<div class=\"accommodation-block\">\n\n\t\t\t\t\t\t\t<div class=\"accommodation-block-image\">\n\t\t\t\t\t\t\t\t\t\t\t\t\t\t\t\t\t<a href=\"https:\/\/palmapparthotel.com\/index.php\/accommodation\/deluxe-ensuite-room-2\/\" rel=\"bookmark\" title=\"Appartement S\u00e9nior\">\n\t\t\t\t\t\t\t\t\t\t\t\t\t\t\t\t\t\t\t\t<img decoding=\"async\" src=\"https:\/\/palmapparthotel.com\/wp-content\/uploads\/2018\/09\/SENIOR-CHAMBRE-1-600x380.jpg\" alt=\"Appartement S\u00e9nior\" \/>\t\t\t\t\t\t\t\t\t<\/a>\n\t\t\t\t\t\t\t\t\t\t\t\t\t\t\t<\/div>\n\n\t\t\t\t\t\t\t<div class=\"accommodation-block-content\">\n\t\t\t\t\t\t\t\t<h4><a href=\"https:\/\/palmapparthotel.com\/index.php\/accommodation\/deluxe-ensuite-room-2\/\" rel=\"bookmark\" title=\"Appartement S\u00e9nior\">Appartement S\u00e9nior<\/a><\/h4>\n\n\t\t\t\t\t\t\t\t\t\t\t\n\t\t\t\t\t\t\t\t\t\n\t\t\t\t\t\t\t\t<div class=\"clearfix\">\n\t\t\t\t\t\t\t\t\t\n\t\t\t\t\t\t\t\t\t<a href=\"https:\/\/palmapparthotel.com\/index.php\/accommodation\/deluxe-ensuite-room-2\/\" class=\"view-details-button\">D\u00e9tails <i class=\"fa fa-angle-right\"><\/i><\/a>\n\t\t\t\t\t\t\t\t<\/div>\n\t\n\t\t\t\t\t\t\t<\/div>\n\n\t\t\t\t\t\t<!-- END .accommodation-block -->\n\t\t\t\t\t\t<\/div>\n\t\t\t\t\t\n\t\t\t\t\t\t\n\t\t\t<!-- END .accommodation-carousel -->\n\t\t\t<\/div>\n\t\t\n\t[\/vc_column][\/vc_row]<\/p>\n","protected":false},"excerpt":{"rendered":"<p>[vc_row css=\u00a0\u00bb.vc_custom_1549035910844{margin-top: 0px !important;margin-right: 0px !important;margin-bottom: 0px !important;margin-left: 0px !important;border-top-width: 0px !important;border-right-width: 0px !important;border-bottom-width: 0px !important;border-left-width: 0px !important;padding-top: 0px !important;padding-right: 0px !important;padding-bottom: 0px !important;padding-left: 0px !important;}\u00a0\u00bb el_class=\u00a0\u00bbsohohotel-home2-slider-wrapper\u00a0\u00bb][vc_column css=\u00a0\u00bb.vc_custom_1537517359601{margin-top: 0px !important;margin-right: 0px !important;margin-bottom: 0px !important;margin-left: 0px !important;border-top-width: 0px !important;border-right-width: 0px !important;border-bottom-width: 0px !important;border-left-width: 0px !important;padding-top: 0px !important;padding-right: 0px !important;padding-bottom: 0px !important;padding-left: 0px !important;}\u00a0\u00bb][\/vc_column][\/vc_row][vc_row fixed_width=\u00a0\u00bbtrue\u00a0\u00bb css=\u00a0\u00bb.vc_custom_1537519315431{margin-bottom: 60px<\/p>\n<a href=\"https:\/\/palmapparthotel.com\/index.php\/accommodation\/deluxe-ensuite-room-2\/\" class=\"sohohotel-more-link\">Read More<i class=\"fa fa-angle-right\"><\/i><\/a>","protected":false},"author":1,"featured_media":0,"parent":0,"menu_order":0,"comment_status":"closed","ping_status":"closed","template":"","meta":{"footnotes":""},"class_list":["post-1836","page","type-page","status-publish","hentry"],"yoast_head":"<!-- This site is optimized with the Yoast SEO plugin v23.8 - https:\/\/yoast.com\/wordpress\/plugins\/seo\/ -->\n<title>Palm Appart Hotel Marrakech - Palm Appart Club<\/title>\n<meta name=\"robots\" content=\"index, follow, max-snippet:-1, max-image-preview:large, max-video-preview:-1\" \/>\n<link rel=\"canonical\" href=\"https:\/\/palmapparthotel.com\/\" \/>\n<meta property=\"og:locale\" content=\"fr_FR\" \/>\n<meta property=\"og:type\" content=\"article\" \/>\n<meta property=\"og:title\" content=\"Palm Appart Hotel Marrakech - Palm Appart Club\" \/>\n<meta property=\"og:description\" content=\"[vc_row css=\u00a0\u00bb.vc_custom_1549035910844{margin-top: 0px !important;margin-right: 0px !important;margin-bottom: 0px !important;margin-left: 0px !important;border-top-width: 0px !important;border-right-width: 0px !important;border-bottom-width: 0px !important;border-left-width: 0px !important;padding-top: 0px !important;padding-right: 0px !important;padding-bottom: 0px !important;padding-left: 0px !important;}\u00a0\u00bb el_class=\u00a0\u00bbsohohotel-home2-slider-wrapper\u00a0\u00bb][vc_column css=\u00a0\u00bb.vc_custom_1537517359601{margin-top: 0px !important;margin-right: 0px !important;margin-bottom: 0px !important;margin-left: 0px !important;border-top-width: 0px !important;border-right-width: 0px !important;border-bottom-width: 0px !important;border-left-width: 0px !important;padding-top: 0px !important;padding-right: 0px !important;padding-bottom: 0px !important;padding-left: 0px !important;}\u00a0\u00bb][\/vc_column][\/vc_row][vc_row fixed_width=\u00a0\u00bbtrue\u00a0\u00bb css=\u00a0\u00bb.vc_custom_1537519315431{margin-bottom: 60px\" \/>\n<meta property=\"og:url\" content=\"https:\/\/palmapparthotel.com\/\" \/>\n<meta property=\"og:site_name\" content=\"Palm Appart Club\" \/>\n<meta property=\"article:publisher\" content=\"https:\/\/www.facebook.com\/PalmAppartClubMarrakech\/\" \/>\n<meta property=\"article:modified_time\" content=\"2025-11-21T09:46:09+00:00\" \/>\n<meta name=\"twitter:card\" content=\"summary_large_image\" \/>\n<meta name=\"twitter:label1\" content=\"Dur\u00e9e de lecture estim\u00e9e\" \/>\n\t<meta name=\"twitter:data1\" content=\"1 minute\" \/>\n<script type=\"application\/ld+json\" class=\"yoast-schema-graph\">{\"@context\":\"https:\/\/schema.org\",\"@graph\":[{\"@type\":\"WebPage\",\"@id\":\"https:\/\/palmapparthotel.com\/\",\"url\":\"https:\/\/palmapparthotel.com\/\",\"name\":\"Palm Appart Hotel Marrakech - Palm Appart Club\",\"isPartOf\":{\"@id\":\"https:\/\/palmapparthotel.com\/#website\"},\"datePublished\":\"2018-09-21T08:07:50+00:00\",\"dateModified\":\"2025-11-21T09:46:09+00:00\",\"breadcrumb\":{\"@id\":\"https:\/\/palmapparthotel.com\/#breadcrumb\"},\"inLanguage\":\"fr-FR\",\"potentialAction\":[{\"@type\":\"ReadAction\",\"target\":[\"https:\/\/palmapparthotel.com\/\"]}]},{\"@type\":\"BreadcrumbList\",\"@id\":\"https:\/\/palmapparthotel.com\/#breadcrumb\",\"itemListElement\":[{\"@type\":\"ListItem\",\"position\":1,\"name\":\"Accueil\",\"item\":\"https:\/\/palmapparthotel.com\/\"},{\"@type\":\"ListItem\",\"position\":2,\"name\":\"Palm Appart Hotel Marrakech\"}]},{\"@type\":\"WebSite\",\"@id\":\"https:\/\/palmapparthotel.com\/#website\",\"url\":\"https:\/\/palmapparthotel.com\/\",\"name\":\"Palm Appart Club Marrakech\",\"description\":\"Palmappart Club Marrakech\",\"publisher\":{\"@id\":\"https:\/\/palmapparthotel.com\/#organization\"},\"potentialAction\":[{\"@type\":\"SearchAction\",\"target\":{\"@type\":\"EntryPoint\",\"urlTemplate\":\"https:\/\/palmapparthotel.com\/?s={search_term_string}\"},\"query-input\":{\"@type\":\"PropertyValueSpecification\",\"valueRequired\":true,\"valueName\":\"search_term_string\"}}],\"inLanguage\":\"fr-FR\"},{\"@type\":\"Organization\",\"@id\":\"https:\/\/palmapparthotel.com\/#organization\",\"name\":\"Palm Appart club Marrakech\",\"url\":\"https:\/\/palmapparthotel.com\/\",\"logo\":{\"@type\":\"ImageObject\",\"inLanguage\":\"fr-FR\",\"@id\":\"https:\/\/palmapparthotel.com\/#\/schema\/logo\/image\/\",\"url\":\"https:\/\/palmapparthotel.com\/wp-content\/uploads\/2019\/06\/Palm-Appart-logo-rouge2.png\",\"contentUrl\":\"https:\/\/palmapparthotel.com\/wp-content\/uploads\/2019\/06\/Palm-Appart-logo-rouge2.png\",\"width\":280,\"height\":99,\"caption\":\"Palm Appart club Marrakech\"},\"image\":{\"@id\":\"https:\/\/palmapparthotel.com\/#\/schema\/logo\/image\/\"},\"sameAs\":[\"https:\/\/www.facebook.com\/PalmAppartClubMarrakech\/\",\"https:\/\/www.instagram.com\/palmappart\/\"]}]}<\/script>\n<!-- \/ Yoast SEO plugin. -->","yoast_head_json":{"title":"Palm Appart Hotel Marrakech - Palm Appart Club","robots":{"index":"index","follow":"follow","max-snippet":"max-snippet:-1","max-image-preview":"max-image-preview:large","max-video-preview":"max-video-preview:-1"},"canonical":"https:\/\/palmapparthotel.com\/","og_locale":"fr_FR","og_type":"article","og_title":"Palm Appart Hotel Marrakech - Palm Appart Club","og_description":"[vc_row css=\u00a0\u00bb.vc_custom_1549035910844{margin-top: 0px !important;margin-right: 0px !important;margin-bottom: 0px !important;margin-left: 0px !important;border-top-width: 0px !important;border-right-width: 0px !important;border-bottom-width: 0px !important;border-left-width: 0px !important;padding-top: 0px !important;padding-right: 0px !important;padding-bottom: 0px !important;padding-left: 0px !important;}\u00a0\u00bb el_class=\u00a0\u00bbsohohotel-home2-slider-wrapper\u00a0\u00bb][vc_column css=\u00a0\u00bb.vc_custom_1537517359601{margin-top: 0px !important;margin-right: 0px !important;margin-bottom: 0px !important;margin-left: 0px !important;border-top-width: 0px !important;border-right-width: 0px !important;border-bottom-width: 0px !important;border-left-width: 0px !important;padding-top: 0px !important;padding-right: 0px !important;padding-bottom: 0px !important;padding-left: 0px !important;}\u00a0\u00bb][\/vc_column][\/vc_row][vc_row fixed_width=\u00a0\u00bbtrue\u00a0\u00bb css=\u00a0\u00bb.vc_custom_1537519315431{margin-bottom: 60px","og_url":"https:\/\/palmapparthotel.com\/","og_site_name":"Palm Appart Club","article_publisher":"https:\/\/www.facebook.com\/PalmAppartClubMarrakech\/","article_modified_time":"2025-11-21T09:46:09+00:00","twitter_card":"summary_large_image","twitter_misc":{"Dur\u00e9e de lecture estim\u00e9e":"1 minute"},"schema":{"@context":"https:\/\/schema.org","@graph":[{"@type":"WebPage","@id":"https:\/\/palmapparthotel.com\/","url":"https:\/\/palmapparthotel.com\/","name":"Palm Appart Hotel Marrakech - Palm Appart Club","isPartOf":{"@id":"https:\/\/palmapparthotel.com\/#website"},"datePublished":"2018-09-21T08:07:50+00:00","dateModified":"2025-11-21T09:46:09+00:00","breadcrumb":{"@id":"https:\/\/palmapparthotel.com\/#breadcrumb"},"inLanguage":"fr-FR","potentialAction":[{"@type":"ReadAction","target":["https:\/\/palmapparthotel.com\/"]}]},{"@type":"BreadcrumbList","@id":"https:\/\/palmapparthotel.com\/#breadcrumb","itemListElement":[{"@type":"ListItem","position":1,"name":"Accueil","item":"https:\/\/palmapparthotel.com\/"},{"@type":"ListItem","position":2,"name":"Palm Appart Hotel Marrakech"}]},{"@type":"WebSite","@id":"https:\/\/palmapparthotel.com\/#website","url":"https:\/\/palmapparthotel.com\/","name":"Palm Appart Club Marrakech","description":"Palmappart Club Marrakech","publisher":{"@id":"https:\/\/palmapparthotel.com\/#organization"},"potentialAction":[{"@type":"SearchAction","target":{"@type":"EntryPoint","urlTemplate":"https:\/\/palmapparthotel.com\/?s={search_term_string}"},"query-input":{"@type":"PropertyValueSpecification","valueRequired":true,"valueName":"search_term_string"}}],"inLanguage":"fr-FR"},{"@type":"Organization","@id":"https:\/\/palmapparthotel.com\/#organization","name":"Palm Appart club Marrakech","url":"https:\/\/palmapparthotel.com\/","logo":{"@type":"ImageObject","inLanguage":"fr-FR","@id":"https:\/\/palmapparthotel.com\/#\/schema\/logo\/image\/","url":"https:\/\/palmapparthotel.com\/wp-content\/uploads\/2019\/06\/Palm-Appart-logo-rouge2.png","contentUrl":"https:\/\/palmapparthotel.com\/wp-content\/uploads\/2019\/06\/Palm-Appart-logo-rouge2.png","width":280,"height":99,"caption":"Palm Appart club Marrakech"},"image":{"@id":"https:\/\/palmapparthotel.com\/#\/schema\/logo\/image\/"},"sameAs":["https:\/\/www.facebook.com\/PalmAppartClubMarrakech\/","https:\/\/www.instagram.com\/palmappart\/"]}]}},"_links":{"self":[{"href":"https:\/\/palmapparthotel.com\/index.php\/wp-json\/wp\/v2\/pages\/1836"}],"collection":[{"href":"https:\/\/palmapparthotel.com\/index.php\/wp-json\/wp\/v2\/pages"}],"about":[{"href":"https:\/\/palmapparthotel.com\/index.php\/wp-json\/wp\/v2\/types\/page"}],"author":[{"embeddable":true,"href":"https:\/\/palmapparthotel.com\/index.php\/wp-json\/wp\/v2\/users\/1"}],"replies":[{"embeddable":true,"href":"https:\/\/palmapparthotel.com\/index.php\/wp-json\/wp\/v2\/comments?post=1836"}],"version-history":[{"count":34,"href":"https:\/\/palmapparthotel.com\/index.php\/wp-json\/wp\/v2\/pages\/1836\/revisions"}],"predecessor-version":[{"id":2218,"href":"https:\/\/palmapparthotel.com\/index.php\/wp-json\/wp\/v2\/pages\/1836\/revisions\/2218"}],"wp:attachment":[{"href":"https:\/\/palmapparthotel.com\/index.php\/wp-json\/wp\/v2\/media?parent=1836"}],"curies":[{"name":"wp","href":"https:\/\/api.w.org\/{rel}","templated":true}]}}